{"id":191,"date":"2024-05-16T14:01:17","date_gmt":"2024-05-16T19:01:17","guid":{"rendered":"https:\/\/easy-footcare.com\/?page_id=191"},"modified":"2024-05-27T12:01:44","modified_gmt":"2024-05-27T17:01:44","slug":"smeltec","status":"publish","type":"page","link":"https:\/\/easy-footcare.com\/de\/smeltec\/","title":{"rendered":"Smeltec"},"content":{"rendered":"<div data-elementor-type=\"wp-page\" data-elementor-id=\"191\" class=\"elementor elementor-191\" data-elementor-post-type=\"page\">\n\t\t\t\t<div class=\"elementor-element elementor-element-b853b88 e-flex e-con-boxed e-con e-parent\" data-id=\"b853b88\" data-element_type=\"container\">\n\t\t\t\t\t<div class=\"e-con-inner\">\n\t\t\t\t<div class=\"elementor-element elementor-element-00bbc47 elementor-widget elementor-widget-image\" data-id=\"00bbc47\" data-element_type=\"widget\" data-widget_type=\"image.default\">\n\t\t\t\t<div class=\"elementor-widget-container\">\n\t\t\t<style>\/*! elementor - v3.21.0 - 08-05-2024 *\/\n.elementor-widget-image{text-align:center}.elementor-widget-image a{display:inline-block}.elementor-widget-image a img[src$=\".svg\"]{width:48px}.elementor-widget-image img{vertical-align:middle;display:inline-block}<\/style>\t\t\t\t\t\t\t\t\t\t<img decoding=\"async\" width=\"300\" height=\"81\" src=\"https:\/\/easy-footcare.com\/wp-content\/uploads\/2024\/05\/u33-2-300x81.png\" class=\"attachment-medium size-medium wp-image-35\" alt=\"\" srcset=\"https:\/\/easy-footcare.com\/wp-content\/uploads\/2024\/05\/u33-2-300x81.png 300w, https:\/\/easy-footcare.com\/wp-content\/uploads\/2024\/05\/u33-2.png 431w\" sizes=\"(max-width: 300px) 100vw, 300px\" \/>\t\t\t\t\t\t\t\t\t\t\t\t\t<\/div>\n\t\t\t\t<\/div>\n\t\t\t\t<div class=\"elementor-element elementor-element-540a27d elementor-widget elementor-widget-heading\" data-id=\"540a27d\" data-element_type=\"widget\" data-widget_type=\"heading.default\">\n\t\t\t\t<div class=\"elementor-widget-container\">\n\t\t\t<style>\/*! elementor - v3.21.0 - 08-05-2024 *\/\n.elementor-heading-title{padding:0;margin:0;line-height:1}.elementor-widget-heading .elementor-heading-title[class*=elementor-size-]>a{color:inherit;font-size:inherit;line-height:inherit}.elementor-widget-heading .elementor-heading-title.elementor-size-small{font-size:15px}.elementor-widget-heading .elementor-heading-title.elementor-size-medium{font-size:19px}.elementor-widget-heading .elementor-heading-title.elementor-size-large{font-size:29px}.elementor-widget-heading .elementor-heading-title.elementor-size-xl{font-size:39px}.elementor-widget-heading .elementor-heading-title.elementor-size-xxl{font-size:59px}<\/style><p class=\"elementor-heading-title elementor-size-default\">Smeltec\u00ae ist eine Marke f\u00fcr Schuhzubeh\u00f6r f\u00fcr Hygiene und Komfort am Arbeitsplatz: Einlegesohlen und Socken, die entwickelt wurden, um die Arbeitsbedingungen der Benutzer je nach Umgebung zu verbessern. Smeltec\u00ae-Produkte sind f\u00fcr Sicherheitsschuhe, die in Fabriken verwendet werden, sowie f\u00fcr alle Arten von Berufsschuhen geeignet.\n<br><br>\nWir sind sehr engagiert darin, unseren professionellen Kunden die besten L\u00f6sungen in Bezug auf Komfort, Hygiene, thermische und technische Aspekte f\u00fcr ihre Sicherheits- und Berufsschuhe anzubieten, um das Wohlbefinden und die Produktivit\u00e4t ihrer Mitarbeiter zu optimieren.\n<br><br>\nDas Smeltec\u00ae-Sortiment besteht aus einer Reihe technischer, hygienischer, geruchsresistenter, komfortabler, antistatischer, absorbierender und thermischer Einlegesohlen. Wir stellen auch Socken her, die f\u00fcr alle Arten von Anwendungen geeignet sind: Anti-K\u00e4lte-Wolle, Coolmax Anti-Hitze und Anti-Feuchtigkeit, Rhovyl Anti-Feuer oder einfach Socken, die maximalen Komfort bieten, ohne jemals die Qualit\u00e4t zu vernachl\u00e4ssigen.\n<\/p>\t\t<\/div>\n\t\t\t\t<\/div>\n\t\t\t\t\t<\/div>\n\t\t\t\t<\/div>\n\t\t<div class=\"elementor-element elementor-element-d7497f5 e-flex e-con-boxed e-con e-parent\" data-id=\"d7497f5\" data-element_type=\"container\">\n\t\t\t\t\t<div class=\"e-con-inner\">\n\t\t<div class=\"elementor-element elementor-element-3840787 e-flex e-con-boxed e-con e-child\" data-id=\"3840787\" data-element_type=\"container\" data-settings=\"{&quot;background_background&quot;:&quot;classic&quot;}\">\n\t\t\t\t\t<div class=\"e-con-inner\">\n\t\t\t\t<div class=\"elementor-element elementor-element-85a88cd elementor-widget elementor-widget-image\" data-id=\"85a88cd\" data-element_type=\"widget\" data-widget_type=\"image.default\">\n\t\t\t\t<div class=\"elementor-widget-container\">\n\t\t\t\t\t\t\t\t\t\t\t\t\t\t<a href=\"http:\/\/easy-footcare.com\/wp-content\/uploads\/2024\/05\/Smeltec-Catalog-2024-Eng.pdf\" target=\"_blank\">\n\t\t\t\t\t\t\t<img decoding=\"async\" width=\"130\" height=\"300\" src=\"https:\/\/easy-footcare.com\/wp-content\/uploads\/2024\/05\/u35-130x300.jpg\" class=\"attachment-medium size-medium wp-image-193\" alt=\"\" srcset=\"https:\/\/easy-footcare.com\/wp-content\/uploads\/2024\/05\/u35-130x300.jpg 130w, https:\/\/easy-footcare.com\/wp-content\/uploads\/2024\/05\/u35-444x1024.jpg 444w, https:\/\/easy-footcare.com\/wp-content\/uploads\/2024\/05\/u35.jpg 650w\" sizes=\"(max-width: 130px) 100vw, 130px\" \/>\t\t\t\t\t\t\t\t<\/a>\n\t\t\t\t\t\t\t\t\t\t\t\t\t<\/div>\n\t\t\t\t<\/div>\n\t\t\t\t\t<\/div>\n\t\t\t\t<\/div>\n\t\t<div class=\"elementor-element elementor-element-517065d e-flex e-con-boxed e-con e-child\" data-id=\"517065d\" data-element_type=\"container\" data-settings=\"{&quot;background_background&quot;:&quot;classic&quot;}\">\n\t\t\t\t\t<div class=\"e-con-inner\">\n\t\t\t\t<div class=\"elementor-element elementor-element-53a6610 elementor-widget elementor-widget-image\" data-id=\"53a6610\" data-element_type=\"widget\" data-widget_type=\"image.default\">\n\t\t\t\t<div class=\"elementor-widget-container\">\n\t\t\t\t\t\t\t\t\t\t\t\t\t\t<a href=\"http:\/\/easy-footcare.com\/wp-content\/uploads\/2024\/05\/Smeltec-Catalog-2024-Eng.pdf\" target=\"_blank\">\n\t\t\t\t\t\t\t<img fetchpriority=\"high\" decoding=\"async\" width=\"225\" height=\"300\" src=\"https:\/\/easy-footcare.com\/wp-content\/uploads\/2024\/05\/Photoroom_20240523_17593567-225x300.jpg\" class=\"attachment-medium size-medium wp-image-363\" alt=\"\" srcset=\"https:\/\/easy-footcare.com\/wp-content\/uploads\/2024\/05\/Photoroom_20240523_17593567-225x300.jpg 225w, https:\/\/easy-footcare.com\/wp-content\/uploads\/2024\/05\/Photoroom_20240523_17593567-768x1024.jpg 768w, https:\/\/easy-footcare.com\/wp-content\/uploads\/2024\/05\/Photoroom_20240523_17593567-1152x1536.jpg 1152w, https:\/\/easy-footcare.com\/wp-content\/uploads\/2024\/05\/Photoroom_20240523_17593567-1536x2048.jpg 1536w, https:\/\/easy-footcare.com\/wp-content\/uploads\/2024\/05\/Photoroom_20240523_17593567-9x12.jpg 9w, https:\/\/easy-footcare.com\/wp-content\/uploads\/2024\/05\/Photoroom_20240523_17593567.jpg 1800w\" sizes=\"(max-width: 225px) 100vw, 225px\" \/>\t\t\t\t\t\t\t\t<\/a>\n\t\t\t\t\t\t\t\t\t\t\t\t\t<\/div>\n\t\t\t\t<\/div>\n\t\t\t\t\t<\/div>\n\t\t\t\t<\/div>\n\t\t<div class=\"elementor-element elementor-element-bfaa2cd e-flex e-con-boxed e-con e-child\" data-id=\"bfaa2cd\" data-element_type=\"container\" data-settings=\"{&quot;background_background&quot;:&quot;classic&quot;}\">\n\t\t\t\t\t<div class=\"e-con-inner\">\n\t\t\t\t<div class=\"elementor-element elementor-element-7956517 elementor-widget elementor-widget-image\" data-id=\"7956517\" data-element_type=\"widget\" data-widget_type=\"image.default\">\n\t\t\t\t<div class=\"elementor-widget-container\">\n\t\t\t\t\t\t\t\t\t\t\t\t\t\t<a href=\"http:\/\/easy-footcare.com\/wp-content\/uploads\/2024\/05\/Smeltec-Catalog-2024-Eng.pdf\" target=\"_blank\">\n\t\t\t\t\t\t\t<img loading=\"lazy\" decoding=\"async\" width=\"281\" height=\"300\" src=\"https:\/\/easy-footcare.com\/wp-content\/uploads\/2024\/05\/u36-4-281x300.png\" class=\"attachment-medium size-medium wp-image-195\" alt=\"\" srcset=\"https:\/\/easy-footcare.com\/wp-content\/uploads\/2024\/05\/u36-4-281x300.png 281w, https:\/\/easy-footcare.com\/wp-content\/uploads\/2024\/05\/u36-4.png 483w\" sizes=\"(max-width: 281px) 100vw, 281px\" \/>\t\t\t\t\t\t\t\t<\/a>\n\t\t\t\t\t\t\t\t\t\t\t\t\t<\/div>\n\t\t\t\t<\/div>\n\t\t\t\t\t<\/div>\n\t\t\t\t<\/div>\n\t\t\t\t\t<\/div>\n\t\t\t\t<\/div>\n\t\t\t\t<\/div>","protected":false},"excerpt":{"rendered":"<p>Smeltec\u00ae es una marca de accesorios de calzado para la higiene y el confort en el trabajo: plantillas y calcetines dise\u00f1ados para mejorar las condiciones de trabajo de los usuarios seg\u00fan su entorno. Los productos Smeltec\u00ae son adecuados para el calzado de seguridad utilizado en f\u00e1bricas, as\u00ed como para cualquier tipo de calzado profesional. Estamos [&hellip;]<\/p>","protected":false},"author":1,"featured_media":0,"parent":0,"menu_order":0,"comment_status":"closed","ping_status":"closed","template":"","meta":{"footnotes":""},"class_list":["post-191","page","type-page","status-publish","hentry"],"yoast_head":"<!-- This site is optimized with the Yoast SEO plugin v26.6 - https:\/\/yoast.com\/wordpress\/plugins\/seo\/ -->\n<title>Smeltec - Easy Footcare<\/title>\n<meta name=\"robots\" content=\"index, follow, max-snippet:-1, max-image-preview:large, max-video-preview:-1\" \/>\n<link rel=\"canonical\" href=\"https:\/\/easy-footcare.com\/de\/smeltec\/\" \/>\n<meta property=\"og:locale\" content=\"de_DE\" \/>\n<meta property=\"og:type\" content=\"article\" \/>\n<meta property=\"og:title\" content=\"Smeltec - Easy Footcare\" \/>\n<meta property=\"og:description\" content=\"Smeltec\u00ae es una marca de accesorios de calzado para la higiene y el confort en el trabajo: plantillas y calcetines dise\u00f1ados para mejorar las condiciones de trabajo de los usuarios seg\u00fan su entorno. Los productos Smeltec\u00ae son adecuados para el calzado de seguridad utilizado en f\u00e1bricas, as\u00ed como para cualquier tipo de calzado profesional. Estamos [&hellip;]\" \/>\n<meta property=\"og:url\" content=\"https:\/\/easy-footcare.com\/de\/smeltec\/\" \/>\n<meta property=\"og:site_name\" content=\"Easy Footcare\" \/>\n<meta property=\"article:modified_time\" content=\"2024-05-27T17:01:44+00:00\" \/>\n<meta property=\"og:image\" content=\"http:\/\/easy-footcare.com\/wp-content\/uploads\/2024\/05\/u33-2-300x81.png\" \/>\n<meta name=\"twitter:card\" content=\"summary_large_image\" \/>\n<meta name=\"twitter:label1\" content=\"Gesch\u00e4tzte Lesezeit\" \/>\n\t<meta name=\"twitter:data1\" content=\"1\u00a0Minute\" \/>\n<script type=\"application\/ld+json\" class=\"yoast-schema-graph\">{\"@context\":\"https:\/\/schema.org\",\"@graph\":[{\"@type\":\"WebPage\",\"@id\":\"https:\/\/easy-footcare.com\/smeltec\/\",\"url\":\"https:\/\/easy-footcare.com\/smeltec\/\",\"name\":\"Smeltec - Easy Footcare\",\"isPartOf\":{\"@id\":\"https:\/\/easy-footcare.com\/#website\"},\"primaryImageOfPage\":{\"@id\":\"https:\/\/easy-footcare.com\/smeltec\/#primaryimage\"},\"image\":{\"@id\":\"https:\/\/easy-footcare.com\/smeltec\/#primaryimage\"},\"thumbnailUrl\":\"http:\/\/easy-footcare.com\/wp-content\/uploads\/2024\/05\/u33-2-300x81.png\",\"datePublished\":\"2024-05-16T19:01:17+00:00\",\"dateModified\":\"2024-05-27T17:01:44+00:00\",\"breadcrumb\":{\"@id\":\"https:\/\/easy-footcare.com\/smeltec\/#breadcrumb\"},\"inLanguage\":\"de\",\"potentialAction\":[{\"@type\":\"ReadAction\",\"target\":[\"https:\/\/easy-footcare.com\/smeltec\/\"]}]},{\"@type\":\"ImageObject\",\"inLanguage\":\"de\",\"@id\":\"https:\/\/easy-footcare.com\/smeltec\/#primaryimage\",\"url\":\"http:\/\/easy-footcare.com\/wp-content\/uploads\/2024\/05\/u33-2-300x81.png\",\"contentUrl\":\"http:\/\/easy-footcare.com\/wp-content\/uploads\/2024\/05\/u33-2-300x81.png\"},{\"@type\":\"BreadcrumbList\",\"@id\":\"https:\/\/easy-footcare.com\/smeltec\/#breadcrumb\",\"itemListElement\":[{\"@type\":\"ListItem\",\"position\":1,\"name\":\"Portada\",\"item\":\"https:\/\/easy-footcare.com\/\"},{\"@type\":\"ListItem\",\"position\":2,\"name\":\"Smeltec\"}]},{\"@type\":\"WebSite\",\"@id\":\"https:\/\/easy-footcare.com\/#website\",\"url\":\"https:\/\/easy-footcare.com\/\",\"name\":\"Easy Footcare\",\"description\":\"\",\"publisher\":{\"@id\":\"https:\/\/easy-footcare.com\/#organization\"},\"potentialAction\":[{\"@type\":\"SearchAction\",\"target\":{\"@type\":\"EntryPoint\",\"urlTemplate\":\"https:\/\/easy-footcare.com\/?s={search_term_string}\"},\"query-input\":{\"@type\":\"PropertyValueSpecification\",\"valueRequired\":true,\"valueName\":\"search_term_string\"}}],\"inLanguage\":\"de\"},{\"@type\":\"Organization\",\"@id\":\"https:\/\/easy-footcare.com\/#organization\",\"name\":\"Easy Footcare\",\"url\":\"https:\/\/easy-footcare.com\/\",\"logo\":{\"@type\":\"ImageObject\",\"inLanguage\":\"de\",\"@id\":\"https:\/\/easy-footcare.com\/#\/schema\/logo\/image\/\",\"url\":\"https:\/\/easy-footcare.com\/wp-content\/uploads\/2024\/05\/logo-footcare.png\",\"contentUrl\":\"https:\/\/easy-footcare.com\/wp-content\/uploads\/2024\/05\/logo-footcare.png\",\"width\":1192,\"height\":652,\"caption\":\"Easy Footcare\"},\"image\":{\"@id\":\"https:\/\/easy-footcare.com\/#\/schema\/logo\/image\/\"}}]}<\/script>\n<!-- \/ Yoast SEO plugin. -->","yoast_head_json":{"title":"Smeltec - Easy Footcare","robots":{"index":"index","follow":"follow","max-snippet":"max-snippet:-1","max-image-preview":"max-image-preview:large","max-video-preview":"max-video-preview:-1"},"canonical":"https:\/\/easy-footcare.com\/de\/smeltec\/","og_locale":"de_DE","og_type":"article","og_title":"Smeltec - Easy Footcare","og_description":"Smeltec\u00ae es una marca de accesorios de calzado para la higiene y el confort en el trabajo: plantillas y calcetines dise\u00f1ados para mejorar las condiciones de trabajo de los usuarios seg\u00fan su entorno. Los productos Smeltec\u00ae son adecuados para el calzado de seguridad utilizado en f\u00e1bricas, as\u00ed como para cualquier tipo de calzado profesional. Estamos [&hellip;]","og_url":"https:\/\/easy-footcare.com\/de\/smeltec\/","og_site_name":"Easy Footcare","article_modified_time":"2024-05-27T17:01:44+00:00","og_image":[{"url":"http:\/\/easy-footcare.com\/wp-content\/uploads\/2024\/05\/u33-2-300x81.png","type":"","width":"","height":""}],"twitter_card":"summary_large_image","twitter_misc":{"Gesch\u00e4tzte Lesezeit":"1\u00a0Minute"},"schema":{"@context":"https:\/\/schema.org","@graph":[{"@type":"WebPage","@id":"https:\/\/easy-footcare.com\/smeltec\/","url":"https:\/\/easy-footcare.com\/smeltec\/","name":"Smeltec - Easy Footcare","isPartOf":{"@id":"https:\/\/easy-footcare.com\/#website"},"primaryImageOfPage":{"@id":"https:\/\/easy-footcare.com\/smeltec\/#primaryimage"},"image":{"@id":"https:\/\/easy-footcare.com\/smeltec\/#primaryimage"},"thumbnailUrl":"http:\/\/easy-footcare.com\/wp-content\/uploads\/2024\/05\/u33-2-300x81.png","datePublished":"2024-05-16T19:01:17+00:00","dateModified":"2024-05-27T17:01:44+00:00","breadcrumb":{"@id":"https:\/\/easy-footcare.com\/smeltec\/#breadcrumb"},"inLanguage":"de","potentialAction":[{"@type":"ReadAction","target":["https:\/\/easy-footcare.com\/smeltec\/"]}]},{"@type":"ImageObject","inLanguage":"de","@id":"https:\/\/easy-footcare.com\/smeltec\/#primaryimage","url":"http:\/\/easy-footcare.com\/wp-content\/uploads\/2024\/05\/u33-2-300x81.png","contentUrl":"http:\/\/easy-footcare.com\/wp-content\/uploads\/2024\/05\/u33-2-300x81.png"},{"@type":"BreadcrumbList","@id":"https:\/\/easy-footcare.com\/smeltec\/#breadcrumb","itemListElement":[{"@type":"ListItem","position":1,"name":"Portada","item":"https:\/\/easy-footcare.com\/"},{"@type":"ListItem","position":2,"name":"Smeltec"}]},{"@type":"WebSite","@id":"https:\/\/easy-footcare.com\/#website","url":"https:\/\/easy-footcare.com\/","name":"Easy Footcare","description":"","publisher":{"@id":"https:\/\/easy-footcare.com\/#organization"},"potentialAction":[{"@type":"SearchAction","target":{"@type":"EntryPoint","urlTemplate":"https:\/\/easy-footcare.com\/?s={search_term_string}"},"query-input":{"@type":"PropertyValueSpecification","valueRequired":true,"valueName":"search_term_string"}}],"inLanguage":"de"},{"@type":"Organization","@id":"https:\/\/easy-footcare.com\/#organization","name":"Easy Footcare","url":"https:\/\/easy-footcare.com\/","logo":{"@type":"ImageObject","inLanguage":"de","@id":"https:\/\/easy-footcare.com\/#\/schema\/logo\/image\/","url":"https:\/\/easy-footcare.com\/wp-content\/uploads\/2024\/05\/logo-footcare.png","contentUrl":"https:\/\/easy-footcare.com\/wp-content\/uploads\/2024\/05\/logo-footcare.png","width":1192,"height":652,"caption":"Easy Footcare"},"image":{"@id":"https:\/\/easy-footcare.com\/#\/schema\/logo\/image\/"}}]}},"_links":{"self":[{"href":"https:\/\/easy-footcare.com\/de\/wp-json\/wp\/v2\/pages\/191","targetHints":{"allow":["GET"]}}],"collection":[{"href":"https:\/\/easy-footcare.com\/de\/wp-json\/wp\/v2\/pages"}],"about":[{"href":"https:\/\/easy-footcare.com\/de\/wp-json\/wp\/v2\/types\/page"}],"author":[{"embeddable":true,"href":"https:\/\/easy-footcare.com\/de\/wp-json\/wp\/v2\/users\/1"}],"replies":[{"embeddable":true,"href":"https:\/\/easy-footcare.com\/de\/wp-json\/wp\/v2\/comments?post=191"}],"version-history":[{"count":28,"href":"https:\/\/easy-footcare.com\/de\/wp-json\/wp\/v2\/pages\/191\/revisions"}],"predecessor-version":[{"id":372,"href":"https:\/\/easy-footcare.com\/de\/wp-json\/wp\/v2\/pages\/191\/revisions\/372"}],"wp:attachment":[{"href":"https:\/\/easy-footcare.com\/de\/wp-json\/wp\/v2\/media?parent=191"}],"curies":[{"name":"wp","href":"https:\/\/api.w.org\/{rel}","templated":true}]}}