{"id":213,"date":"2024-05-16T14:05:32","date_gmt":"2024-05-16T19:05:32","guid":{"rendered":"https:\/\/easy-footcare.com\/?page_id=213"},"modified":"2024-05-22T15:42:07","modified_gmt":"2024-05-22T20:42:07","slug":"yumearth","status":"publish","type":"page","link":"https:\/\/easy-footcare.com\/de\/yumearth\/","title":{"rendered":"YumEarth"},"content":{"rendered":"<div data-elementor-type=\"wp-page\" data-elementor-id=\"213\" class=\"elementor elementor-213\" data-elementor-post-type=\"page\">\n\t\t\t\t<div class=\"elementor-element elementor-element-b1ac13a e-flex e-con-boxed e-con e-parent\" data-id=\"b1ac13a\" data-element_type=\"container\">\n\t\t\t\t\t<div class=\"e-con-inner\">\n\t\t\t\t<div class=\"elementor-element elementor-element-9f5c376 elementor-widget elementor-widget-image\" data-id=\"9f5c376\" data-element_type=\"widget\" data-widget_type=\"image.default\">\n\t\t\t\t<div class=\"elementor-widget-container\">\n\t\t\t<style>\/*! elementor - v3.21.0 - 08-05-2024 *\/\n.elementor-widget-image{text-align:center}.elementor-widget-image a{display:inline-block}.elementor-widget-image a img[src$=\".svg\"]{width:48px}.elementor-widget-image img{vertical-align:middle;display:inline-block}<\/style>\t\t\t\t\t\t\t\t\t\t\t<a href=\"https:\/\/yumearth.eu\/\" target=\"_blank\">\n\t\t\t\t\t\t\t<img decoding=\"async\" width=\"300\" height=\"67\" src=\"https:\/\/easy-footcare.com\/wp-content\/uploads\/2024\/05\/yumearth-300x67.png\" class=\"attachment-medium size-medium wp-image-32\" alt=\"\" srcset=\"https:\/\/easy-footcare.com\/wp-content\/uploads\/2024\/05\/yumearth-300x67.png 300w, https:\/\/easy-footcare.com\/wp-content\/uploads\/2024\/05\/yumearth-1024x229.png 1024w, https:\/\/easy-footcare.com\/wp-content\/uploads\/2024\/05\/yumearth-768x172.png 768w, https:\/\/easy-footcare.com\/wp-content\/uploads\/2024\/05\/yumearth-1536x343.png 1536w, https:\/\/easy-footcare.com\/wp-content\/uploads\/2024\/05\/yumearth-2048x458.png 2048w\" sizes=\"(max-width: 300px) 100vw, 300px\" \/>\t\t\t\t\t\t\t\t<\/a>\n\t\t\t\t\t\t\t\t\t\t\t\t\t<\/div>\n\t\t\t\t<\/div>\n\t\t\t\t<div class=\"elementor-element elementor-element-d77221f elementor-widget elementor-widget-heading\" data-id=\"d77221f\" data-element_type=\"widget\" data-widget_type=\"heading.default\">\n\t\t\t\t<div class=\"elementor-widget-container\">\n\t\t\t<style>\/*! elementor - v3.21.0 - 08-05-2024 *\/\n.elementor-heading-title{padding:0;margin:0;line-height:1}.elementor-widget-heading .elementor-heading-title[class*=elementor-size-]>a{color:inherit;font-size:inherit;line-height:inherit}.elementor-widget-heading .elementor-heading-title.elementor-size-small{font-size:15px}.elementor-widget-heading .elementor-heading-title.elementor-size-medium{font-size:19px}.elementor-widget-heading .elementor-heading-title.elementor-size-large{font-size:29px}.elementor-widget-heading .elementor-heading-title.elementor-size-xl{font-size:39px}.elementor-widget-heading .elementor-heading-title.elementor-size-xxl{font-size:59px}<\/style><p class=\"elementor-heading-title elementor-size-default\">\nSeit 2007 stellen wir Produkte her, die frei von den wichtigsten g\u00e4ngigen Allergenen sind, einschlie\u00dflich: Erdn\u00fcsse, N\u00fcsse, Milch, Fisch, Meeresfr\u00fcchte, Eier, Soja, Weizen und Sesam.<\/br><\/br>\n\n\n\nVon Gummib\u00e4rchen bis zu sauren Bonbons und Lollipops, wir produzieren k\u00f6stliche Leckereien, die jeder genie\u00dfen kann. Unsere Produkte sind allergikerfreundlich, bio, gentechnikfrei und enthalten keine k\u00fcnstlichen Farbstoffe oder Maissirup mit hohem Fruktosegehalt.<\/p>\t\t<\/div>\n\t\t\t\t<\/div>\n\t\t\t\t\t<\/div>\n\t\t\t\t<\/div>\n\t\t<div class=\"elementor-element elementor-element-8e91119 e-flex e-con-boxed e-con e-parent\" data-id=\"8e91119\" data-element_type=\"container\">\n\t\t\t\t\t<div class=\"e-con-inner\">\n\t\t<div class=\"elementor-element elementor-element-f24b83d e-flex e-con-boxed e-con e-child\" data-id=\"f24b83d\" data-element_type=\"container\" data-settings=\"{&quot;background_background&quot;:&quot;classic&quot;}\">\n\t\t\t\t\t<div class=\"e-con-inner\">\n\t\t\t\t<div class=\"elementor-element elementor-element-5007945 elementor-widget elementor-widget-image\" data-id=\"5007945\" data-element_type=\"widget\" data-widget_type=\"image.default\">\n\t\t\t\t<div class=\"elementor-widget-container\">\n\t\t\t\t\t\t\t\t\t\t\t\t\t\t<a href=\"https:\/\/yumearth.eu\/soft-candy\/\" target=\"_blank\">\n\t\t\t\t\t\t\t<img fetchpriority=\"high\" decoding=\"async\" width=\"191\" height=\"300\" src=\"https:\/\/easy-footcare.com\/wp-content\/uploads\/2024\/05\/u36-3-1-191x300.png\" class=\"attachment-medium size-medium wp-image-215\" alt=\"\" srcset=\"https:\/\/easy-footcare.com\/wp-content\/uploads\/2024\/05\/u36-3-1-191x300.png 191w, https:\/\/easy-footcare.com\/wp-content\/uploads\/2024\/05\/u36-3-1-653x1024.png 653w, https:\/\/easy-footcare.com\/wp-content\/uploads\/2024\/05\/u36-3-1-768x1204.png 768w, https:\/\/easy-footcare.com\/wp-content\/uploads\/2024\/05\/u36-3-1.png 802w\" sizes=\"(max-width: 191px) 100vw, 191px\" \/>\t\t\t\t\t\t\t\t<\/a>\n\t\t\t\t\t\t\t\t\t\t\t\t\t<\/div>\n\t\t\t\t<\/div>\n\t\t\t\t\t<\/div>\n\t\t\t\t<\/div>\n\t\t<div class=\"elementor-element elementor-element-92fbb46 e-flex e-con-boxed e-con e-child\" data-id=\"92fbb46\" data-element_type=\"container\" data-settings=\"{&quot;background_background&quot;:&quot;classic&quot;}\">\n\t\t\t\t\t<div class=\"e-con-inner\">\n\t\t\t\t<div class=\"elementor-element elementor-element-303fa5e elementor-widget elementor-widget-image\" data-id=\"303fa5e\" data-element_type=\"widget\" data-widget_type=\"image.default\">\n\t\t\t\t<div class=\"elementor-widget-container\">\n\t\t\t\t\t\t\t\t\t\t\t\t\t\t<a href=\"https:\/\/yumearth.eu\/lollipops\/\" target=\"_blank\">\n\t\t\t\t\t\t\t<img decoding=\"async\" width=\"202\" height=\"300\" src=\"https:\/\/easy-footcare.com\/wp-content\/uploads\/2024\/05\/u39-202x300.jpg\" class=\"attachment-medium size-medium wp-image-216\" alt=\"\" srcset=\"https:\/\/easy-footcare.com\/wp-content\/uploads\/2024\/05\/u39-202x300.jpg 202w, https:\/\/easy-footcare.com\/wp-content\/uploads\/2024\/05\/u39-690x1024.jpg 690w, https:\/\/easy-footcare.com\/wp-content\/uploads\/2024\/05\/u39-768x1140.jpg 768w, https:\/\/easy-footcare.com\/wp-content\/uploads\/2024\/05\/u39.jpg 838w\" sizes=\"(max-width: 202px) 100vw, 202px\" \/>\t\t\t\t\t\t\t\t<\/a>\n\t\t\t\t\t\t\t\t\t\t\t\t\t<\/div>\n\t\t\t\t<\/div>\n\t\t\t\t\t<\/div>\n\t\t\t\t<\/div>\n\t\t<div class=\"elementor-element elementor-element-ff60d8b e-flex e-con-boxed e-con e-child\" data-id=\"ff60d8b\" data-element_type=\"container\" data-settings=\"{&quot;background_background&quot;:&quot;classic&quot;}\">\n\t\t\t\t\t<div class=\"e-con-inner\">\n\t\t\t\t<div class=\"elementor-element elementor-element-9bf20ea elementor-widget elementor-widget-image\" data-id=\"9bf20ea\" data-element_type=\"widget\" data-widget_type=\"image.default\">\n\t\t\t\t<div class=\"elementor-widget-container\">\n\t\t\t\t\t\t\t\t\t\t\t\t\t\t<a href=\"https:\/\/yumearth.eu\/soft-candy\/\" target=\"_blank\">\n\t\t\t\t\t\t\t<img loading=\"lazy\" decoding=\"async\" width=\"180\" height=\"300\" src=\"https:\/\/easy-footcare.com\/wp-content\/uploads\/2024\/05\/u40-1-180x300.png\" class=\"attachment-medium size-medium wp-image-217\" alt=\"\" srcset=\"https:\/\/easy-footcare.com\/wp-content\/uploads\/2024\/05\/u40-1-180x300.png 180w, https:\/\/easy-footcare.com\/wp-content\/uploads\/2024\/05\/u40-1-616x1024.png 616w, https:\/\/easy-footcare.com\/wp-content\/uploads\/2024\/05\/u40-1-768x1277.png 768w, https:\/\/easy-footcare.com\/wp-content\/uploads\/2024\/05\/u40-1.png 800w\" sizes=\"(max-width: 180px) 100vw, 180px\" \/>\t\t\t\t\t\t\t\t<\/a>\n\t\t\t\t\t\t\t\t\t\t\t\t\t<\/div>\n\t\t\t\t<\/div>\n\t\t\t\t\t<\/div>\n\t\t\t\t<\/div>\n\t\t\t\t\t<\/div>\n\t\t\t\t<\/div>\n\t\t\t\t<\/div>","protected":false},"excerpt":{"rendered":"<p>Desde 2007, elaboramos productos libres de los principales al\u00e9rgenos comunes, incluidos: man\u00ed, nueces, leche, pescado, mariscos, huevo, soja, trigo y s\u00e9samo. Desde gomitas hasta caramelos \u00e1cidos y piruletas, hacemos delicias deliciosas para que todos disfruten. Nuestros productos son aptos para al\u00e9rgicos, org\u00e1nicos, no transg\u00e9nicos y no contienen colorantes artificiales ni jarabe de ma\u00edz con alto [&hellip;]<\/p>","protected":false},"author":1,"featured_media":0,"parent":0,"menu_order":0,"comment_status":"closed","ping_status":"closed","template":"","meta":{"footnotes":""},"class_list":["post-213","page","type-page","status-publish","hentry"],"yoast_head":"<!-- This site is optimized with the Yoast SEO plugin v26.6 - https:\/\/yoast.com\/wordpress\/plugins\/seo\/ -->\n<title>YumEarth - Easy Footcare<\/title>\n<meta name=\"robots\" content=\"index, follow, max-snippet:-1, max-image-preview:large, max-video-preview:-1\" \/>\n<link rel=\"canonical\" href=\"https:\/\/easy-footcare.com\/de\/yumearth\/\" \/>\n<meta property=\"og:locale\" content=\"de_DE\" \/>\n<meta property=\"og:type\" content=\"article\" \/>\n<meta property=\"og:title\" content=\"YumEarth - Easy Footcare\" \/>\n<meta property=\"og:description\" content=\"Desde 2007, elaboramos productos libres de los principales al\u00e9rgenos comunes, incluidos: man\u00ed, nueces, leche, pescado, mariscos, huevo, soja, trigo y s\u00e9samo. Desde gomitas hasta caramelos \u00e1cidos y piruletas, hacemos delicias deliciosas para que todos disfruten. Nuestros productos son aptos para al\u00e9rgicos, org\u00e1nicos, no transg\u00e9nicos y no contienen colorantes artificiales ni jarabe de ma\u00edz con alto [&hellip;]\" \/>\n<meta property=\"og:url\" content=\"https:\/\/easy-footcare.com\/de\/yumearth\/\" \/>\n<meta property=\"og:site_name\" content=\"Easy Footcare\" \/>\n<meta property=\"article:modified_time\" content=\"2024-05-22T20:42:07+00:00\" \/>\n<meta property=\"og:image\" content=\"http:\/\/easy-footcare.com\/wp-content\/uploads\/2024\/05\/yumearth-300x67.png\" \/>\n<meta name=\"twitter:card\" content=\"summary_large_image\" \/>\n<script type=\"application\/ld+json\" class=\"yoast-schema-graph\">{\"@context\":\"https:\/\/schema.org\",\"@graph\":[{\"@type\":\"WebPage\",\"@id\":\"https:\/\/easy-footcare.com\/yumearth\/\",\"url\":\"https:\/\/easy-footcare.com\/yumearth\/\",\"name\":\"YumEarth - Easy Footcare\",\"isPartOf\":{\"@id\":\"https:\/\/easy-footcare.com\/#website\"},\"primaryImageOfPage\":{\"@id\":\"https:\/\/easy-footcare.com\/yumearth\/#primaryimage\"},\"image\":{\"@id\":\"https:\/\/easy-footcare.com\/yumearth\/#primaryimage\"},\"thumbnailUrl\":\"http:\/\/easy-footcare.com\/wp-content\/uploads\/2024\/05\/yumearth-300x67.png\",\"datePublished\":\"2024-05-16T19:05:32+00:00\",\"dateModified\":\"2024-05-22T20:42:07+00:00\",\"breadcrumb\":{\"@id\":\"https:\/\/easy-footcare.com\/yumearth\/#breadcrumb\"},\"inLanguage\":\"de\",\"potentialAction\":[{\"@type\":\"ReadAction\",\"target\":[\"https:\/\/easy-footcare.com\/yumearth\/\"]}]},{\"@type\":\"ImageObject\",\"inLanguage\":\"de\",\"@id\":\"https:\/\/easy-footcare.com\/yumearth\/#primaryimage\",\"url\":\"http:\/\/easy-footcare.com\/wp-content\/uploads\/2024\/05\/yumearth-300x67.png\",\"contentUrl\":\"http:\/\/easy-footcare.com\/wp-content\/uploads\/2024\/05\/yumearth-300x67.png\"},{\"@type\":\"BreadcrumbList\",\"@id\":\"https:\/\/easy-footcare.com\/yumearth\/#breadcrumb\",\"itemListElement\":[{\"@type\":\"ListItem\",\"position\":1,\"name\":\"Portada\",\"item\":\"https:\/\/easy-footcare.com\/\"},{\"@type\":\"ListItem\",\"position\":2,\"name\":\"YumEarth\"}]},{\"@type\":\"WebSite\",\"@id\":\"https:\/\/easy-footcare.com\/#website\",\"url\":\"https:\/\/easy-footcare.com\/\",\"name\":\"Easy Footcare\",\"description\":\"\",\"publisher\":{\"@id\":\"https:\/\/easy-footcare.com\/#organization\"},\"potentialAction\":[{\"@type\":\"SearchAction\",\"target\":{\"@type\":\"EntryPoint\",\"urlTemplate\":\"https:\/\/easy-footcare.com\/?s={search_term_string}\"},\"query-input\":{\"@type\":\"PropertyValueSpecification\",\"valueRequired\":true,\"valueName\":\"search_term_string\"}}],\"inLanguage\":\"de\"},{\"@type\":\"Organization\",\"@id\":\"https:\/\/easy-footcare.com\/#organization\",\"name\":\"Easy Footcare\",\"url\":\"https:\/\/easy-footcare.com\/\",\"logo\":{\"@type\":\"ImageObject\",\"inLanguage\":\"de\",\"@id\":\"https:\/\/easy-footcare.com\/#\/schema\/logo\/image\/\",\"url\":\"https:\/\/easy-footcare.com\/wp-content\/uploads\/2024\/05\/logo-footcare.png\",\"contentUrl\":\"https:\/\/easy-footcare.com\/wp-content\/uploads\/2024\/05\/logo-footcare.png\",\"width\":1192,\"height\":652,\"caption\":\"Easy Footcare\"},\"image\":{\"@id\":\"https:\/\/easy-footcare.com\/#\/schema\/logo\/image\/\"}}]}<\/script>\n<!-- \/ Yoast SEO plugin. -->","yoast_head_json":{"title":"YumEarth - Easy Footcare","robots":{"index":"index","follow":"follow","max-snippet":"max-snippet:-1","max-image-preview":"max-image-preview:large","max-video-preview":"max-video-preview:-1"},"canonical":"https:\/\/easy-footcare.com\/de\/yumearth\/","og_locale":"de_DE","og_type":"article","og_title":"YumEarth - Easy Footcare","og_description":"Desde 2007, elaboramos productos libres de los principales al\u00e9rgenos comunes, incluidos: man\u00ed, nueces, leche, pescado, mariscos, huevo, soja, trigo y s\u00e9samo. Desde gomitas hasta caramelos \u00e1cidos y piruletas, hacemos delicias deliciosas para que todos disfruten. Nuestros productos son aptos para al\u00e9rgicos, org\u00e1nicos, no transg\u00e9nicos y no contienen colorantes artificiales ni jarabe de ma\u00edz con alto [&hellip;]","og_url":"https:\/\/easy-footcare.com\/de\/yumearth\/","og_site_name":"Easy Footcare","article_modified_time":"2024-05-22T20:42:07+00:00","og_image":[{"url":"http:\/\/easy-footcare.com\/wp-content\/uploads\/2024\/05\/yumearth-300x67.png","type":"","width":"","height":""}],"twitter_card":"summary_large_image","schema":{"@context":"https:\/\/schema.org","@graph":[{"@type":"WebPage","@id":"https:\/\/easy-footcare.com\/yumearth\/","url":"https:\/\/easy-footcare.com\/yumearth\/","name":"YumEarth - Easy Footcare","isPartOf":{"@id":"https:\/\/easy-footcare.com\/#website"},"primaryImageOfPage":{"@id":"https:\/\/easy-footcare.com\/yumearth\/#primaryimage"},"image":{"@id":"https:\/\/easy-footcare.com\/yumearth\/#primaryimage"},"thumbnailUrl":"http:\/\/easy-footcare.com\/wp-content\/uploads\/2024\/05\/yumearth-300x67.png","datePublished":"2024-05-16T19:05:32+00:00","dateModified":"2024-05-22T20:42:07+00:00","breadcrumb":{"@id":"https:\/\/easy-footcare.com\/yumearth\/#breadcrumb"},"inLanguage":"de","potentialAction":[{"@type":"ReadAction","target":["https:\/\/easy-footcare.com\/yumearth\/"]}]},{"@type":"ImageObject","inLanguage":"de","@id":"https:\/\/easy-footcare.com\/yumearth\/#primaryimage","url":"http:\/\/easy-footcare.com\/wp-content\/uploads\/2024\/05\/yumearth-300x67.png","contentUrl":"http:\/\/easy-footcare.com\/wp-content\/uploads\/2024\/05\/yumearth-300x67.png"},{"@type":"BreadcrumbList","@id":"https:\/\/easy-footcare.com\/yumearth\/#breadcrumb","itemListElement":[{"@type":"ListItem","position":1,"name":"Portada","item":"https:\/\/easy-footcare.com\/"},{"@type":"ListItem","position":2,"name":"YumEarth"}]},{"@type":"WebSite","@id":"https:\/\/easy-footcare.com\/#website","url":"https:\/\/easy-footcare.com\/","name":"Easy Footcare","description":"","publisher":{"@id":"https:\/\/easy-footcare.com\/#organization"},"potentialAction":[{"@type":"SearchAction","target":{"@type":"EntryPoint","urlTemplate":"https:\/\/easy-footcare.com\/?s={search_term_string}"},"query-input":{"@type":"PropertyValueSpecification","valueRequired":true,"valueName":"search_term_string"}}],"inLanguage":"de"},{"@type":"Organization","@id":"https:\/\/easy-footcare.com\/#organization","name":"Easy Footcare","url":"https:\/\/easy-footcare.com\/","logo":{"@type":"ImageObject","inLanguage":"de","@id":"https:\/\/easy-footcare.com\/#\/schema\/logo\/image\/","url":"https:\/\/easy-footcare.com\/wp-content\/uploads\/2024\/05\/logo-footcare.png","contentUrl":"https:\/\/easy-footcare.com\/wp-content\/uploads\/2024\/05\/logo-footcare.png","width":1192,"height":652,"caption":"Easy Footcare"},"image":{"@id":"https:\/\/easy-footcare.com\/#\/schema\/logo\/image\/"}}]}},"_links":{"self":[{"href":"https:\/\/easy-footcare.com\/de\/wp-json\/wp\/v2\/pages\/213","targetHints":{"allow":["GET"]}}],"collection":[{"href":"https:\/\/easy-footcare.com\/de\/wp-json\/wp\/v2\/pages"}],"about":[{"href":"https:\/\/easy-footcare.com\/de\/wp-json\/wp\/v2\/types\/page"}],"author":[{"embeddable":true,"href":"https:\/\/easy-footcare.com\/de\/wp-json\/wp\/v2\/users\/1"}],"replies":[{"embeddable":true,"href":"https:\/\/easy-footcare.com\/de\/wp-json\/wp\/v2\/comments?post=213"}],"version-history":[{"count":7,"href":"https:\/\/easy-footcare.com\/de\/wp-json\/wp\/v2\/pages\/213\/revisions"}],"predecessor-version":[{"id":349,"href":"https:\/\/easy-footcare.com\/de\/wp-json\/wp\/v2\/pages\/213\/revisions\/349"}],"wp:attachment":[{"href":"https:\/\/easy-footcare.com\/de\/wp-json\/wp\/v2\/media?parent=213"}],"curies":[{"name":"wp","href":"https:\/\/api.w.org\/{rel}","templated":true}]}}