{"id":124,"date":"2024-05-16T13:54:04","date_gmt":"2024-05-16T18:54:04","guid":{"rendered":"https:\/\/easy-footcare.com\/?page_id=124"},"modified":"2024-05-22T15:35:42","modified_gmt":"2024-05-22T20:35:42","slug":"akileine","status":"publish","type":"page","link":"https:\/\/easy-footcare.com\/en\/akileine\/","title":{"rendered":"Akile\u00efne"},"content":{"rendered":"<div data-elementor-type=\"wp-page\" data-elementor-id=\"124\" class=\"elementor elementor-124\" data-elementor-post-type=\"page\">\n\t\t\t\t<div class=\"elementor-element elementor-element-3475b9e e-flex e-con-boxed e-con e-parent\" data-id=\"3475b9e\" data-element_type=\"container\">\n\t\t\t\t\t<div class=\"e-con-inner\">\n\t\t\t\t<div class=\"elementor-element elementor-element-19fa162 elementor-widget elementor-widget-image\" data-id=\"19fa162\" data-element_type=\"widget\" data-widget_type=\"image.default\">\n\t\t\t\t<div class=\"elementor-widget-container\">\n\t\t\t<style>\/*! elementor - v3.21.0 - 08-05-2024 *\/\n.elementor-widget-image{text-align:center}.elementor-widget-image a{display:inline-block}.elementor-widget-image a img[src$=\".svg\"]{width:48px}.elementor-widget-image img{vertical-align:middle;display:inline-block}<\/style>\t\t\t\t\t\t\t\t\t\t\t<a href=\"https:\/\/www.akileine.es\/\" target=\"_blank\">\n\t\t\t\t\t\t\t<img fetchpriority=\"high\" decoding=\"async\" width=\"1542\" height=\"524\" src=\"https:\/\/easy-footcare.com\/wp-content\/uploads\/2024\/05\/LOGO-AKILEINE-by-EF.png\" class=\"attachment-full size-full wp-image-289\" alt=\"\" srcset=\"https:\/\/easy-footcare.com\/wp-content\/uploads\/2024\/05\/LOGO-AKILEINE-by-EF.png 1542w, https:\/\/easy-footcare.com\/wp-content\/uploads\/2024\/05\/LOGO-AKILEINE-by-EF-300x102.png 300w, https:\/\/easy-footcare.com\/wp-content\/uploads\/2024\/05\/LOGO-AKILEINE-by-EF-1024x348.png 1024w, https:\/\/easy-footcare.com\/wp-content\/uploads\/2024\/05\/LOGO-AKILEINE-by-EF-768x261.png 768w, https:\/\/easy-footcare.com\/wp-content\/uploads\/2024\/05\/LOGO-AKILEINE-by-EF-1536x522.png 1536w, https:\/\/easy-footcare.com\/wp-content\/uploads\/2024\/05\/LOGO-AKILEINE-by-EF-18x6.png 18w\" sizes=\"(max-width: 1542px) 100vw, 1542px\" \/>\t\t\t\t\t\t\t\t<\/a>\n\t\t\t\t\t\t\t\t\t\t\t\t\t<\/div>\n\t\t\t\t<\/div>\n\t\t\t\t<div class=\"elementor-element elementor-element-7a177ca elementor-widget elementor-widget-heading\" data-id=\"7a177ca\" data-element_type=\"widget\" data-widget_type=\"heading.default\">\n\t\t\t\t<div class=\"elementor-widget-container\">\n\t\t\t<style>\/*! elementor - v3.21.0 - 08-05-2024 *\/\n.elementor-heading-title{padding:0;margin:0;line-height:1}.elementor-widget-heading .elementor-heading-title[class*=elementor-size-]>a{color:inherit;font-size:inherit;line-height:inherit}.elementor-widget-heading .elementor-heading-title.elementor-size-small{font-size:15px}.elementor-widget-heading .elementor-heading-title.elementor-size-medium{font-size:19px}.elementor-widget-heading .elementor-heading-title.elementor-size-large{font-size:29px}.elementor-widget-heading .elementor-heading-title.elementor-size-xl{font-size:39px}.elementor-widget-heading .elementor-heading-title.elementor-size-xxl{font-size:59px}<\/style><p class=\"elementor-heading-title elementor-size-default\">\nAkile\u00efne is one of the world leaders in dermo-cosmetics for pharmacy and podiatry. It offers a complete range of creams for all foot care needs, moisturizing, tired feet, perspiration, fissures and cracks, diabetic patient care, cold and chilblains as well as care adapted to the needs of athletes. We are exclusive distributors of Akile\u00efne in Spain.<\/p>\t\t<\/div>\n\t\t\t\t<\/div>\n\t\t\t\t\t<\/div>\n\t\t\t\t<\/div>\n\t\t<div class=\"elementor-element elementor-element-f708976 e-flex e-con-boxed e-con e-parent\" data-id=\"f708976\" data-element_type=\"container\">\n\t\t\t\t\t<div class=\"e-con-inner\">\n\t\t<div class=\"elementor-element elementor-element-68cfb54 e-flex e-con-boxed e-con e-child\" data-id=\"68cfb54\" data-element_type=\"container\" data-settings=\"{&quot;background_background&quot;:&quot;classic&quot;}\">\n\t\t\t\t\t<div class=\"e-con-inner\">\n\t\t\t\t<div class=\"elementor-element elementor-element-0a98232 elementor-widget elementor-widget-image\" data-id=\"0a98232\" data-element_type=\"widget\" data-widget_type=\"image.default\">\n\t\t\t\t<div class=\"elementor-widget-container\">\n\t\t\t\t\t\t\t\t\t\t\t\t\t\t<a href=\"https:\/\/www.akileine.es\/anti-transpirantes-c102x3396182\" target=\"_blank\">\n\t\t\t\t\t\t\t<img decoding=\"async\" width=\"376\" height=\"205\" src=\"https:\/\/easy-footcare.com\/wp-content\/uploads\/2024\/05\/normal_u36.png\" class=\"attachment-large size-large wp-image-126\" alt=\"\" srcset=\"https:\/\/easy-footcare.com\/wp-content\/uploads\/2024\/05\/normal_u36.png 376w, https:\/\/easy-footcare.com\/wp-content\/uploads\/2024\/05\/normal_u36-300x164.png 300w\" sizes=\"(max-width: 376px) 100vw, 376px\" \/>\t\t\t\t\t\t\t\t<\/a>\n\t\t\t\t\t\t\t\t\t\t\t\t\t<\/div>\n\t\t\t\t<\/div>\n\t\t\t\t\t<\/div>\n\t\t\t\t<\/div>\n\t\t<div class=\"elementor-element elementor-element-90c4c9e e-flex e-con-boxed e-con e-child\" data-id=\"90c4c9e\" data-element_type=\"container\" data-settings=\"{&quot;background_background&quot;:&quot;classic&quot;}\">\n\t\t\t\t\t<div class=\"e-con-inner\">\n\t\t\t\t<div class=\"elementor-element elementor-element-713eafd elementor-widget elementor-widget-image\" data-id=\"713eafd\" data-element_type=\"widget\" data-widget_type=\"image.default\">\n\t\t\t\t<div class=\"elementor-widget-container\">\n\t\t\t\t\t\t\t\t\t\t\t\t\t\t<a href=\"https:\/\/www.akileine.es\/pies-secos-c102x3236558\" target=\"_blank\">\n\t\t\t\t\t\t\t<img decoding=\"async\" width=\"364\" height=\"207\" src=\"https:\/\/easy-footcare.com\/wp-content\/uploads\/2024\/05\/normal_u34.png\" class=\"attachment-large size-large wp-image-127\" alt=\"\" srcset=\"https:\/\/easy-footcare.com\/wp-content\/uploads\/2024\/05\/normal_u34.png 364w, https:\/\/easy-footcare.com\/wp-content\/uploads\/2024\/05\/normal_u34-300x171.png 300w\" sizes=\"(max-width: 364px) 100vw, 364px\" \/>\t\t\t\t\t\t\t\t<\/a>\n\t\t\t\t\t\t\t\t\t\t\t\t\t<\/div>\n\t\t\t\t<\/div>\n\t\t\t\t\t<\/div>\n\t\t\t\t<\/div>\n\t\t<div class=\"elementor-element elementor-element-7b41913 e-flex e-con-boxed e-con e-child\" data-id=\"7b41913\" data-element_type=\"container\" data-settings=\"{&quot;background_background&quot;:&quot;classic&quot;}\">\n\t\t\t\t\t<div class=\"e-con-inner\">\n\t\t\t\t<div class=\"elementor-element elementor-element-5df3b6a elementor-widget elementor-widget-image\" data-id=\"5df3b6a\" data-element_type=\"widget\" data-widget_type=\"image.default\">\n\t\t\t\t<div class=\"elementor-widget-container\">\n\t\t\t\t\t\t\t\t\t\t\t\t\t\t<a href=\"https:\/\/www.akileine.es\/categoria-2-c102x3236555\" target=\"_blank\">\n\t\t\t\t\t\t\t<img loading=\"lazy\" decoding=\"async\" width=\"396\" height=\"210\" src=\"https:\/\/easy-footcare.com\/wp-content\/uploads\/2024\/05\/normal_u35.png\" class=\"attachment-large size-large wp-image-128\" alt=\"\" srcset=\"https:\/\/easy-footcare.com\/wp-content\/uploads\/2024\/05\/normal_u35.png 396w, https:\/\/easy-footcare.com\/wp-content\/uploads\/2024\/05\/normal_u35-300x159.png 300w\" sizes=\"(max-width: 396px) 100vw, 396px\" \/>\t\t\t\t\t\t\t\t<\/a>\n\t\t\t\t\t\t\t\t\t\t\t\t\t<\/div>\n\t\t\t\t<\/div>\n\t\t\t\t\t<\/div>\n\t\t\t\t<\/div>\n\t\t\t\t\t<\/div>\n\t\t\t\t<\/div>\n\t\t\t\t<\/div>","protected":false},"excerpt":{"rendered":"<p>Akile\u00efne es uno de los lideres mundiales en dermocosmetica para farmacia y podologia. Ofrece una gama completa de cremas para todas las necesidades del cuidado del pie, hidrataci\u00f3n, pies cansados, transpiraci\u00f3n, fisuras y grietas, cuidado del paciente diabetico, frio y saba\u00f1ones asi como cuidados adaptados a las necesidades del deportista. Somos distribuidores exclusivos de Akile\u00efne [&hellip;]<\/p>","protected":false},"author":1,"featured_media":0,"parent":0,"menu_order":0,"comment_status":"closed","ping_status":"closed","template":"","meta":{"footnotes":""},"class_list":["post-124","page","type-page","status-publish","hentry"],"yoast_head":"<!-- This site is optimized with the Yoast SEO plugin v26.6 - https:\/\/yoast.com\/wordpress\/plugins\/seo\/ -->\n<title>Akile\u00efne - Easy Footcare<\/title>\n<meta name=\"robots\" content=\"index, follow, max-snippet:-1, max-image-preview:large, max-video-preview:-1\" \/>\n<link rel=\"canonical\" href=\"https:\/\/easy-footcare.com\/en\/akileine\/\" \/>\n<meta property=\"og:locale\" content=\"en_US\" \/>\n<meta property=\"og:type\" content=\"article\" \/>\n<meta property=\"og:title\" content=\"Akile\u00efne - Easy Footcare\" \/>\n<meta property=\"og:description\" content=\"Akile\u00efne es uno de los lideres mundiales en dermocosmetica para farmacia y podologia. Ofrece una gama completa de cremas para todas las necesidades del cuidado del pie, hidrataci\u00f3n, pies cansados, transpiraci\u00f3n, fisuras y grietas, cuidado del paciente diabetico, frio y saba\u00f1ones asi como cuidados adaptados a las necesidades del deportista. Somos distribuidores exclusivos de Akile\u00efne [&hellip;]\" \/>\n<meta property=\"og:url\" content=\"https:\/\/easy-footcare.com\/en\/akileine\/\" \/>\n<meta property=\"og:site_name\" content=\"Easy Footcare\" \/>\n<meta property=\"article:modified_time\" content=\"2024-05-22T20:35:42+00:00\" \/>\n<meta property=\"og:image\" content=\"http:\/\/easy-footcare.com\/wp-content\/uploads\/2024\/05\/LOGO-AKILEINE-by-EF.png\" \/>\n<meta name=\"twitter:card\" content=\"summary_large_image\" \/>\n<script type=\"application\/ld+json\" class=\"yoast-schema-graph\">{\"@context\":\"https:\/\/schema.org\",\"@graph\":[{\"@type\":\"WebPage\",\"@id\":\"https:\/\/easy-footcare.com\/akileine\/\",\"url\":\"https:\/\/easy-footcare.com\/akileine\/\",\"name\":\"Akile\u00efne - Easy Footcare\",\"isPartOf\":{\"@id\":\"https:\/\/easy-footcare.com\/#website\"},\"primaryImageOfPage\":{\"@id\":\"https:\/\/easy-footcare.com\/akileine\/#primaryimage\"},\"image\":{\"@id\":\"https:\/\/easy-footcare.com\/akileine\/#primaryimage\"},\"thumbnailUrl\":\"http:\/\/easy-footcare.com\/wp-content\/uploads\/2024\/05\/LOGO-AKILEINE-by-EF.png\",\"datePublished\":\"2024-05-16T18:54:04+00:00\",\"dateModified\":\"2024-05-22T20:35:42+00:00\",\"breadcrumb\":{\"@id\":\"https:\/\/easy-footcare.com\/akileine\/#breadcrumb\"},\"inLanguage\":\"en-US\",\"potentialAction\":[{\"@type\":\"ReadAction\",\"target\":[\"https:\/\/easy-footcare.com\/akileine\/\"]}]},{\"@type\":\"ImageObject\",\"inLanguage\":\"en-US\",\"@id\":\"https:\/\/easy-footcare.com\/akileine\/#primaryimage\",\"url\":\"http:\/\/easy-footcare.com\/wp-content\/uploads\/2024\/05\/LOGO-AKILEINE-by-EF.png\",\"contentUrl\":\"http:\/\/easy-footcare.com\/wp-content\/uploads\/2024\/05\/LOGO-AKILEINE-by-EF.png\"},{\"@type\":\"BreadcrumbList\",\"@id\":\"https:\/\/easy-footcare.com\/akileine\/#breadcrumb\",\"itemListElement\":[{\"@type\":\"ListItem\",\"position\":1,\"name\":\"Portada\",\"item\":\"https:\/\/easy-footcare.com\/\"},{\"@type\":\"ListItem\",\"position\":2,\"name\":\"Akile\u00efne\"}]},{\"@type\":\"WebSite\",\"@id\":\"https:\/\/easy-footcare.com\/#website\",\"url\":\"https:\/\/easy-footcare.com\/\",\"name\":\"Easy Footcare\",\"description\":\"\",\"publisher\":{\"@id\":\"https:\/\/easy-footcare.com\/#organization\"},\"potentialAction\":[{\"@type\":\"SearchAction\",\"target\":{\"@type\":\"EntryPoint\",\"urlTemplate\":\"https:\/\/easy-footcare.com\/?s={search_term_string}\"},\"query-input\":{\"@type\":\"PropertyValueSpecification\",\"valueRequired\":true,\"valueName\":\"search_term_string\"}}],\"inLanguage\":\"en-US\"},{\"@type\":\"Organization\",\"@id\":\"https:\/\/easy-footcare.com\/#organization\",\"name\":\"Easy Footcare\",\"url\":\"https:\/\/easy-footcare.com\/\",\"logo\":{\"@type\":\"ImageObject\",\"inLanguage\":\"en-US\",\"@id\":\"https:\/\/easy-footcare.com\/#\/schema\/logo\/image\/\",\"url\":\"https:\/\/easy-footcare.com\/wp-content\/uploads\/2024\/05\/logo-footcare.png\",\"contentUrl\":\"https:\/\/easy-footcare.com\/wp-content\/uploads\/2024\/05\/logo-footcare.png\",\"width\":1192,\"height\":652,\"caption\":\"Easy Footcare\"},\"image\":{\"@id\":\"https:\/\/easy-footcare.com\/#\/schema\/logo\/image\/\"}}]}<\/script>\n<!-- \/ Yoast SEO plugin. -->","yoast_head_json":{"title":"Akile\u00efne - Easy Footcare","robots":{"index":"index","follow":"follow","max-snippet":"max-snippet:-1","max-image-preview":"max-image-preview:large","max-video-preview":"max-video-preview:-1"},"canonical":"https:\/\/easy-footcare.com\/en\/akileine\/","og_locale":"en_US","og_type":"article","og_title":"Akile\u00efne - Easy Footcare","og_description":"Akile\u00efne es uno de los lideres mundiales en dermocosmetica para farmacia y podologia. Ofrece una gama completa de cremas para todas las necesidades del cuidado del pie, hidrataci\u00f3n, pies cansados, transpiraci\u00f3n, fisuras y grietas, cuidado del paciente diabetico, frio y saba\u00f1ones asi como cuidados adaptados a las necesidades del deportista. Somos distribuidores exclusivos de Akile\u00efne [&hellip;]","og_url":"https:\/\/easy-footcare.com\/en\/akileine\/","og_site_name":"Easy Footcare","article_modified_time":"2024-05-22T20:35:42+00:00","og_image":[{"url":"http:\/\/easy-footcare.com\/wp-content\/uploads\/2024\/05\/LOGO-AKILEINE-by-EF.png","type":"","width":"","height":""}],"twitter_card":"summary_large_image","schema":{"@context":"https:\/\/schema.org","@graph":[{"@type":"WebPage","@id":"https:\/\/easy-footcare.com\/akileine\/","url":"https:\/\/easy-footcare.com\/akileine\/","name":"Akile\u00efne - Easy Footcare","isPartOf":{"@id":"https:\/\/easy-footcare.com\/#website"},"primaryImageOfPage":{"@id":"https:\/\/easy-footcare.com\/akileine\/#primaryimage"},"image":{"@id":"https:\/\/easy-footcare.com\/akileine\/#primaryimage"},"thumbnailUrl":"http:\/\/easy-footcare.com\/wp-content\/uploads\/2024\/05\/LOGO-AKILEINE-by-EF.png","datePublished":"2024-05-16T18:54:04+00:00","dateModified":"2024-05-22T20:35:42+00:00","breadcrumb":{"@id":"https:\/\/easy-footcare.com\/akileine\/#breadcrumb"},"inLanguage":"en-US","potentialAction":[{"@type":"ReadAction","target":["https:\/\/easy-footcare.com\/akileine\/"]}]},{"@type":"ImageObject","inLanguage":"en-US","@id":"https:\/\/easy-footcare.com\/akileine\/#primaryimage","url":"http:\/\/easy-footcare.com\/wp-content\/uploads\/2024\/05\/LOGO-AKILEINE-by-EF.png","contentUrl":"http:\/\/easy-footcare.com\/wp-content\/uploads\/2024\/05\/LOGO-AKILEINE-by-EF.png"},{"@type":"BreadcrumbList","@id":"https:\/\/easy-footcare.com\/akileine\/#breadcrumb","itemListElement":[{"@type":"ListItem","position":1,"name":"Portada","item":"https:\/\/easy-footcare.com\/"},{"@type":"ListItem","position":2,"name":"Akile\u00efne"}]},{"@type":"WebSite","@id":"https:\/\/easy-footcare.com\/#website","url":"https:\/\/easy-footcare.com\/","name":"Easy Footcare","description":"","publisher":{"@id":"https:\/\/easy-footcare.com\/#organization"},"potentialAction":[{"@type":"SearchAction","target":{"@type":"EntryPoint","urlTemplate":"https:\/\/easy-footcare.com\/?s={search_term_string}"},"query-input":{"@type":"PropertyValueSpecification","valueRequired":true,"valueName":"search_term_string"}}],"inLanguage":"en-US"},{"@type":"Organization","@id":"https:\/\/easy-footcare.com\/#organization","name":"Easy Footcare","url":"https:\/\/easy-footcare.com\/","logo":{"@type":"ImageObject","inLanguage":"en-US","@id":"https:\/\/easy-footcare.com\/#\/schema\/logo\/image\/","url":"https:\/\/easy-footcare.com\/wp-content\/uploads\/2024\/05\/logo-footcare.png","contentUrl":"https:\/\/easy-footcare.com\/wp-content\/uploads\/2024\/05\/logo-footcare.png","width":1192,"height":652,"caption":"Easy Footcare"},"image":{"@id":"https:\/\/easy-footcare.com\/#\/schema\/logo\/image\/"}}]}},"_links":{"self":[{"href":"https:\/\/easy-footcare.com\/en\/wp-json\/wp\/v2\/pages\/124","targetHints":{"allow":["GET"]}}],"collection":[{"href":"https:\/\/easy-footcare.com\/en\/wp-json\/wp\/v2\/pages"}],"about":[{"href":"https:\/\/easy-footcare.com\/en\/wp-json\/wp\/v2\/types\/page"}],"author":[{"embeddable":true,"href":"https:\/\/easy-footcare.com\/en\/wp-json\/wp\/v2\/users\/1"}],"replies":[{"embeddable":true,"href":"https:\/\/easy-footcare.com\/en\/wp-json\/wp\/v2\/comments?post=124"}],"version-history":[{"count":13,"href":"https:\/\/easy-footcare.com\/en\/wp-json\/wp\/v2\/pages\/124\/revisions"}],"predecessor-version":[{"id":331,"href":"https:\/\/easy-footcare.com\/en\/wp-json\/wp\/v2\/pages\/124\/revisions\/331"}],"wp:attachment":[{"href":"https:\/\/easy-footcare.com\/en\/wp-json\/wp\/v2\/media?parent=124"}],"curies":[{"name":"wp","href":"https:\/\/api.w.org\/{rel}","templated":true}]}}