{"id":68,"date":"2024-05-16T11:55:15","date_gmt":"2024-05-16T16:55:15","guid":{"rendered":"https:\/\/easy-footcare.com\/?page_id=68"},"modified":"2024-05-22T15:27:43","modified_gmt":"2024-05-22T20:27:43","slug":"sobre-nosotros","status":"publish","type":"page","link":"https:\/\/easy-footcare.com\/en\/sobre-nosotros\/","title":{"rendered":"About Us"},"content":{"rendered":"<div data-elementor-type=\"wp-page\" data-elementor-id=\"68\" class=\"elementor elementor-68\" data-elementor-post-type=\"page\">\n\t\t\t\t<div class=\"elementor-element elementor-element-6794556 e-flex e-con-boxed e-con e-parent\" data-id=\"6794556\" data-element_type=\"container\">\n\t\t\t\t\t<div class=\"e-con-inner\">\n\t\t<div class=\"elementor-element elementor-element-f2054f4 e-con-full e-flex e-con e-child\" data-id=\"f2054f4\" data-element_type=\"container\">\n\t\t\t\t<div class=\"elementor-element elementor-element-ebfd9ef animated-slow elementor-invisible elementor-widget elementor-widget-heading\" data-id=\"ebfd9ef\" data-element_type=\"widget\" data-settings=\"{&quot;_animation&quot;:&quot;fadeIn&quot;}\" data-widget_type=\"heading.default\">\n\t\t\t\t<div class=\"elementor-widget-container\">\n\t\t\t<style>\/*! elementor - v3.21.0 - 08-05-2024 *\/\n.elementor-heading-title{padding:0;margin:0;line-height:1}.elementor-widget-heading .elementor-heading-title[class*=elementor-size-]>a{color:inherit;font-size:inherit;line-height:inherit}.elementor-widget-heading .elementor-heading-title.elementor-size-small{font-size:15px}.elementor-widget-heading .elementor-heading-title.elementor-size-medium{font-size:19px}.elementor-widget-heading .elementor-heading-title.elementor-size-large{font-size:29px}.elementor-widget-heading .elementor-heading-title.elementor-size-xl{font-size:39px}.elementor-widget-heading .elementor-heading-title.elementor-size-xxl{font-size:59px}<\/style><h1 class=\"elementor-heading-title elementor-size-default\">ABOUT US<\/h1>\t\t<\/div>\n\t\t\t\t<\/div>\n\t\t\t\t<div class=\"elementor-element elementor-element-ddc82f8 animated-slow elementor-invisible elementor-widget elementor-widget-text-editor\" data-id=\"ddc82f8\" data-element_type=\"widget\" data-settings=\"{&quot;_animation&quot;:&quot;fadeIn&quot;}\" data-widget_type=\"text-editor.default\">\n\t\t\t\t<div class=\"elementor-widget-container\">\n\t\t\t<style>\/*! elementor - v3.21.0 - 08-05-2024 *\/\n.elementor-widget-text-editor.elementor-drop-cap-view-stacked .elementor-drop-cap{background-color:#69727d;color:#fff}.elementor-widget-text-editor.elementor-drop-cap-view-framed .elementor-drop-cap{color:#69727d;border:3px solid;background-color:transparent}.elementor-widget-text-editor:not(.elementor-drop-cap-view-default) .elementor-drop-cap{margin-top:8px}.elementor-widget-text-editor:not(.elementor-drop-cap-view-default) .elementor-drop-cap-letter{width:1em;height:1em}.elementor-widget-text-editor .elementor-drop-cap{float:left;text-align:center;line-height:1;font-size:50px}.elementor-widget-text-editor .elementor-drop-cap-letter{display:inline-block}<\/style>\t\t\t\t<p><span style=\"font-weight: 400;\">Founded in 2012 in Barcelona (Spain), EASY FOOTCARE SLU initially specialized in foot care and hygiene, establishing itself as a benchmark in the sector and offering a wide range of brands and specific products, from anatomical insoles and technical products to pads and customized socks with anti-heat, anti-cold, and anti-sweat properties.<\/span><\/p><p><span style=\"font-weight: 400;\">Moreover, we provide foot creams and gels designed for all types of specific foot care. Over time and in response to market demands, we have broadened our focus to general care and well-being, incorporating brands and products not exclusively related to foot care, but with the same commitment to maintaining the quality standards that define us.<\/span><\/p><p><span style=\"font-weight: 400;\">At Easy Footcare, we have a team of qualified professionals to provide comprehensive solutions to both professionals and individuals, with our main goal being to offer impeccable service, ongoing training for our clients, and products that improve the quality of life for users.<\/span><\/p>\t\t\t\t\t\t<\/div>\n\t\t\t\t<\/div>\n\t\t\t\t<\/div>\n\t\t<div class=\"elementor-element elementor-element-af2e053 e-con-full e-flex e-con e-child\" data-id=\"af2e053\" data-element_type=\"container\">\n\t\t<div class=\"elementor-element elementor-element-4bab767 animated-slow e-flex e-con-boxed elementor-invisible e-con e-child\" data-id=\"4bab767\" data-element_type=\"container\" data-settings=\"{&quot;animation&quot;:&quot;fadeInUp&quot;,&quot;position&quot;:&quot;absolute&quot;}\">\n\t\t\t\t\t<div class=\"e-con-inner\">\n\t\t\t\t<div class=\"elementor-element elementor-element-6ea4611 elementor-widget elementor-widget-image\" data-id=\"6ea4611\" data-element_type=\"widget\" data-widget_type=\"image.default\">\n\t\t\t\t<div class=\"elementor-widget-container\">\n\t\t\t<style>\/*! elementor - v3.21.0 - 08-05-2024 *\/\n.elementor-widget-image{text-align:center}.elementor-widget-image a{display:inline-block}.elementor-widget-image a img[src$=\".svg\"]{width:48px}.elementor-widget-image img{vertical-align:middle;display:inline-block}<\/style>\t\t\t\t\t\t\t\t\t\t<img fetchpriority=\"high\" decoding=\"async\" width=\"1080\" height=\"1355\" src=\"https:\/\/easy-footcare.com\/wp-content\/uploads\/2024\/05\/Fachada.jpg\" class=\"attachment-full size-full wp-image-70\" alt=\"\" srcset=\"https:\/\/easy-footcare.com\/wp-content\/uploads\/2024\/05\/Fachada.jpg 1080w, https:\/\/easy-footcare.com\/wp-content\/uploads\/2024\/05\/Fachada-239x300.jpg 239w, https:\/\/easy-footcare.com\/wp-content\/uploads\/2024\/05\/Fachada-816x1024.jpg 816w, https:\/\/easy-footcare.com\/wp-content\/uploads\/2024\/05\/Fachada-768x964.jpg 768w\" sizes=\"(max-width: 1080px) 100vw, 1080px\" \/>\t\t\t\t\t\t\t\t\t\t\t\t\t<\/div>\n\t\t\t\t<\/div>\n\t\t\t\t\t<\/div>\n\t\t\t\t<\/div>\n\t\t<div class=\"elementor-element elementor-element-5d0ab2f animated-slow e-flex e-con-boxed elementor-invisible e-con e-child\" data-id=\"5d0ab2f\" data-element_type=\"container\" data-settings=\"{&quot;animation&quot;:&quot;fadeInUp&quot;}\">\n\t\t\t\t\t<div class=\"e-con-inner\">\n\t\t\t\t<div class=\"elementor-element elementor-element-0465826 elementor-widget elementor-widget-image\" data-id=\"0465826\" data-element_type=\"widget\" data-widget_type=\"image.default\">\n\t\t\t\t<div class=\"elementor-widget-container\">\n\t\t\t\t\t\t\t\t\t\t\t\t\t<img decoding=\"async\" width=\"1720\" height=\"1720\" src=\"https:\/\/easy-footcare.com\/wp-content\/uploads\/2024\/05\/Foto-equipo.jpg\" class=\"attachment-full size-full wp-image-71\" alt=\"\" srcset=\"https:\/\/easy-footcare.com\/wp-content\/uploads\/2024\/05\/Foto-equipo.jpg 1720w, https:\/\/easy-footcare.com\/wp-content\/uploads\/2024\/05\/Foto-equipo-300x300.jpg 300w, https:\/\/easy-footcare.com\/wp-content\/uploads\/2024\/05\/Foto-equipo-1024x1024.jpg 1024w, https:\/\/easy-footcare.com\/wp-content\/uploads\/2024\/05\/Foto-equipo-150x150.jpg 150w, https:\/\/easy-footcare.com\/wp-content\/uploads\/2024\/05\/Foto-equipo-768x768.jpg 768w, https:\/\/easy-footcare.com\/wp-content\/uploads\/2024\/05\/Foto-equipo-1536x1536.jpg 1536w\" sizes=\"(max-width: 1720px) 100vw, 1720px\" \/>\t\t\t\t\t\t\t\t\t\t\t\t\t<\/div>\n\t\t\t\t<\/div>\n\t\t\t\t\t<\/div>\n\t\t\t\t<\/div>\n\t\t\t\t<\/div>\n\t\t\t\t\t<\/div>\n\t\t\t\t<\/div>\n\t\t\t\t<\/div>","protected":false},"excerpt":{"rendered":"<p>SOBRE NOSOTROS Fundada en 2012 en Barcelona (Espa\u00f1a), la empresa EASY FOOTCARE SLU se especializ\u00f3 desde sus inicios en el cuidado e higiene de los pies, estableci\u00e9ndose como un referente en el sector y ofreciendo una amplia gama de marcas y productos espec\u00edficos, desde plantillas anat\u00f3micas y productos t\u00e9cnicos hasta almohadillas y calcetines personalizados con [&hellip;]<\/p>","protected":false},"author":1,"featured_media":0,"parent":0,"menu_order":0,"comment_status":"closed","ping_status":"closed","template":"","meta":{"footnotes":""},"class_list":["post-68","page","type-page","status-publish","hentry"],"yoast_head":"<!-- This site is optimized with the Yoast SEO plugin v26.6 - https:\/\/yoast.com\/wordpress\/plugins\/seo\/ -->\n<title>Sobre Nosotros - Easy Footcare<\/title>\n<meta name=\"robots\" content=\"index, follow, max-snippet:-1, max-image-preview:large, max-video-preview:-1\" \/>\n<link rel=\"canonical\" href=\"https:\/\/easy-footcare.com\/en\/sobre-nosotros\/\" \/>\n<meta property=\"og:locale\" content=\"en_US\" \/>\n<meta property=\"og:type\" content=\"article\" \/>\n<meta property=\"og:title\" content=\"Sobre Nosotros - Easy Footcare\" \/>\n<meta property=\"og:description\" content=\"SOBRE NOSOTROS Fundada en 2012 en Barcelona (Espa\u00f1a), la empresa EASY FOOTCARE SLU se especializ\u00f3 desde sus inicios en el cuidado e higiene de los pies, estableci\u00e9ndose como un referente en el sector y ofreciendo una amplia gama de marcas y productos espec\u00edficos, desde plantillas anat\u00f3micas y productos t\u00e9cnicos hasta almohadillas y calcetines personalizados con [&hellip;]\" \/>\n<meta property=\"og:url\" content=\"https:\/\/easy-footcare.com\/en\/sobre-nosotros\/\" \/>\n<meta property=\"og:site_name\" content=\"Easy Footcare\" \/>\n<meta property=\"article:modified_time\" content=\"2024-05-22T20:27:43+00:00\" \/>\n<meta property=\"og:image\" content=\"http:\/\/easy-footcare.com\/wp-content\/uploads\/2024\/05\/Fachada.jpg\" \/>\n<meta name=\"twitter:card\" content=\"summary_large_image\" \/>\n<meta name=\"twitter:label1\" content=\"Est. reading time\" \/>\n\t<meta name=\"twitter:data1\" content=\"1 minute\" \/>\n<script type=\"application\/ld+json\" class=\"yoast-schema-graph\">{\"@context\":\"https:\/\/schema.org\",\"@graph\":[{\"@type\":\"WebPage\",\"@id\":\"https:\/\/easy-footcare.com\/sobre-nosotros\/\",\"url\":\"https:\/\/easy-footcare.com\/sobre-nosotros\/\",\"name\":\"Sobre Nosotros - Easy Footcare\",\"isPartOf\":{\"@id\":\"https:\/\/easy-footcare.com\/#website\"},\"primaryImageOfPage\":{\"@id\":\"https:\/\/easy-footcare.com\/sobre-nosotros\/#primaryimage\"},\"image\":{\"@id\":\"https:\/\/easy-footcare.com\/sobre-nosotros\/#primaryimage\"},\"thumbnailUrl\":\"http:\/\/easy-footcare.com\/wp-content\/uploads\/2024\/05\/Fachada.jpg\",\"datePublished\":\"2024-05-16T16:55:15+00:00\",\"dateModified\":\"2024-05-22T20:27:43+00:00\",\"breadcrumb\":{\"@id\":\"https:\/\/easy-footcare.com\/sobre-nosotros\/#breadcrumb\"},\"inLanguage\":\"en-US\",\"potentialAction\":[{\"@type\":\"ReadAction\",\"target\":[\"https:\/\/easy-footcare.com\/sobre-nosotros\/\"]}]},{\"@type\":\"ImageObject\",\"inLanguage\":\"en-US\",\"@id\":\"https:\/\/easy-footcare.com\/sobre-nosotros\/#primaryimage\",\"url\":\"http:\/\/easy-footcare.com\/wp-content\/uploads\/2024\/05\/Fachada.jpg\",\"contentUrl\":\"http:\/\/easy-footcare.com\/wp-content\/uploads\/2024\/05\/Fachada.jpg\"},{\"@type\":\"BreadcrumbList\",\"@id\":\"https:\/\/easy-footcare.com\/sobre-nosotros\/#breadcrumb\",\"itemListElement\":[{\"@type\":\"ListItem\",\"position\":1,\"name\":\"Portada\",\"item\":\"https:\/\/easy-footcare.com\/\"},{\"@type\":\"ListItem\",\"position\":2,\"name\":\"Sobre Nosotros\"}]},{\"@type\":\"WebSite\",\"@id\":\"https:\/\/easy-footcare.com\/#website\",\"url\":\"https:\/\/easy-footcare.com\/\",\"name\":\"Easy Footcare\",\"description\":\"\",\"publisher\":{\"@id\":\"https:\/\/easy-footcare.com\/#organization\"},\"potentialAction\":[{\"@type\":\"SearchAction\",\"target\":{\"@type\":\"EntryPoint\",\"urlTemplate\":\"https:\/\/easy-footcare.com\/?s={search_term_string}\"},\"query-input\":{\"@type\":\"PropertyValueSpecification\",\"valueRequired\":true,\"valueName\":\"search_term_string\"}}],\"inLanguage\":\"en-US\"},{\"@type\":\"Organization\",\"@id\":\"https:\/\/easy-footcare.com\/#organization\",\"name\":\"Easy Footcare\",\"url\":\"https:\/\/easy-footcare.com\/\",\"logo\":{\"@type\":\"ImageObject\",\"inLanguage\":\"en-US\",\"@id\":\"https:\/\/easy-footcare.com\/#\/schema\/logo\/image\/\",\"url\":\"https:\/\/easy-footcare.com\/wp-content\/uploads\/2024\/05\/logo-footcare.png\",\"contentUrl\":\"https:\/\/easy-footcare.com\/wp-content\/uploads\/2024\/05\/logo-footcare.png\",\"width\":1192,\"height\":652,\"caption\":\"Easy Footcare\"},\"image\":{\"@id\":\"https:\/\/easy-footcare.com\/#\/schema\/logo\/image\/\"}}]}<\/script>\n<!-- \/ Yoast SEO plugin. -->","yoast_head_json":{"title":"Sobre Nosotros - Easy Footcare","robots":{"index":"index","follow":"follow","max-snippet":"max-snippet:-1","max-image-preview":"max-image-preview:large","max-video-preview":"max-video-preview:-1"},"canonical":"https:\/\/easy-footcare.com\/en\/sobre-nosotros\/","og_locale":"en_US","og_type":"article","og_title":"Sobre Nosotros - Easy Footcare","og_description":"SOBRE NOSOTROS Fundada en 2012 en Barcelona (Espa\u00f1a), la empresa EASY FOOTCARE SLU se especializ\u00f3 desde sus inicios en el cuidado e higiene de los pies, estableci\u00e9ndose como un referente en el sector y ofreciendo una amplia gama de marcas y productos espec\u00edficos, desde plantillas anat\u00f3micas y productos t\u00e9cnicos hasta almohadillas y calcetines personalizados con [&hellip;]","og_url":"https:\/\/easy-footcare.com\/en\/sobre-nosotros\/","og_site_name":"Easy Footcare","article_modified_time":"2024-05-22T20:27:43+00:00","og_image":[{"url":"http:\/\/easy-footcare.com\/wp-content\/uploads\/2024\/05\/Fachada.jpg","type":"","width":"","height":""}],"twitter_card":"summary_large_image","twitter_misc":{"Est. reading time":"1 minute"},"schema":{"@context":"https:\/\/schema.org","@graph":[{"@type":"WebPage","@id":"https:\/\/easy-footcare.com\/sobre-nosotros\/","url":"https:\/\/easy-footcare.com\/sobre-nosotros\/","name":"Sobre Nosotros - Easy Footcare","isPartOf":{"@id":"https:\/\/easy-footcare.com\/#website"},"primaryImageOfPage":{"@id":"https:\/\/easy-footcare.com\/sobre-nosotros\/#primaryimage"},"image":{"@id":"https:\/\/easy-footcare.com\/sobre-nosotros\/#primaryimage"},"thumbnailUrl":"http:\/\/easy-footcare.com\/wp-content\/uploads\/2024\/05\/Fachada.jpg","datePublished":"2024-05-16T16:55:15+00:00","dateModified":"2024-05-22T20:27:43+00:00","breadcrumb":{"@id":"https:\/\/easy-footcare.com\/sobre-nosotros\/#breadcrumb"},"inLanguage":"en-US","potentialAction":[{"@type":"ReadAction","target":["https:\/\/easy-footcare.com\/sobre-nosotros\/"]}]},{"@type":"ImageObject","inLanguage":"en-US","@id":"https:\/\/easy-footcare.com\/sobre-nosotros\/#primaryimage","url":"http:\/\/easy-footcare.com\/wp-content\/uploads\/2024\/05\/Fachada.jpg","contentUrl":"http:\/\/easy-footcare.com\/wp-content\/uploads\/2024\/05\/Fachada.jpg"},{"@type":"BreadcrumbList","@id":"https:\/\/easy-footcare.com\/sobre-nosotros\/#breadcrumb","itemListElement":[{"@type":"ListItem","position":1,"name":"Portada","item":"https:\/\/easy-footcare.com\/"},{"@type":"ListItem","position":2,"name":"Sobre Nosotros"}]},{"@type":"WebSite","@id":"https:\/\/easy-footcare.com\/#website","url":"https:\/\/easy-footcare.com\/","name":"Easy Footcare","description":"","publisher":{"@id":"https:\/\/easy-footcare.com\/#organization"},"potentialAction":[{"@type":"SearchAction","target":{"@type":"EntryPoint","urlTemplate":"https:\/\/easy-footcare.com\/?s={search_term_string}"},"query-input":{"@type":"PropertyValueSpecification","valueRequired":true,"valueName":"search_term_string"}}],"inLanguage":"en-US"},{"@type":"Organization","@id":"https:\/\/easy-footcare.com\/#organization","name":"Easy Footcare","url":"https:\/\/easy-footcare.com\/","logo":{"@type":"ImageObject","inLanguage":"en-US","@id":"https:\/\/easy-footcare.com\/#\/schema\/logo\/image\/","url":"https:\/\/easy-footcare.com\/wp-content\/uploads\/2024\/05\/logo-footcare.png","contentUrl":"https:\/\/easy-footcare.com\/wp-content\/uploads\/2024\/05\/logo-footcare.png","width":1192,"height":652,"caption":"Easy Footcare"},"image":{"@id":"https:\/\/easy-footcare.com\/#\/schema\/logo\/image\/"}}]}},"_links":{"self":[{"href":"https:\/\/easy-footcare.com\/en\/wp-json\/wp\/v2\/pages\/68","targetHints":{"allow":["GET"]}}],"collection":[{"href":"https:\/\/easy-footcare.com\/en\/wp-json\/wp\/v2\/pages"}],"about":[{"href":"https:\/\/easy-footcare.com\/en\/wp-json\/wp\/v2\/types\/page"}],"author":[{"embeddable":true,"href":"https:\/\/easy-footcare.com\/en\/wp-json\/wp\/v2\/users\/1"}],"replies":[{"embeddable":true,"href":"https:\/\/easy-footcare.com\/en\/wp-json\/wp\/v2\/comments?post=68"}],"version-history":[{"count":19,"href":"https:\/\/easy-footcare.com\/en\/wp-json\/wp\/v2\/pages\/68\/revisions"}],"predecessor-version":[{"id":325,"href":"https:\/\/easy-footcare.com\/en\/wp-json\/wp\/v2\/pages\/68\/revisions\/325"}],"wp:attachment":[{"href":"https:\/\/easy-footcare.com\/en\/wp-json\/wp\/v2\/media?parent=68"}],"curies":[{"name":"wp","href":"https:\/\/api.w.org\/{rel}","templated":true}]}}