{"id":132,"date":"2024-05-16T13:54:55","date_gmt":"2024-05-16T18:54:55","guid":{"rendered":"https:\/\/easy-footcare.com\/?page_id=132"},"modified":"2024-05-22T15:35:54","modified_gmt":"2024-05-22T20:35:54","slug":"akileine-podologia","status":"publish","type":"page","link":"https:\/\/easy-footcare.com\/fr\/akileine-podologia\/","title":{"rendered":"Akile\u00efne Podologie"},"content":{"rendered":"<div data-elementor-type=\"wp-page\" data-elementor-id=\"132\" class=\"elementor elementor-132\" data-elementor-post-type=\"page\">\n\t\t\t\t<div class=\"elementor-element elementor-element-461f0a2 e-flex e-con-boxed e-con e-parent\" data-id=\"461f0a2\" data-element_type=\"container\">\n\t\t\t\t\t<div class=\"e-con-inner\">\n\t\t\t\t<div class=\"elementor-element elementor-element-0d396c5 elementor-widget elementor-widget-image\" data-id=\"0d396c5\" data-element_type=\"widget\" data-widget_type=\"image.default\">\n\t\t\t\t<div class=\"elementor-widget-container\">\n\t\t\t<style>\/*! elementor - v3.21.0 - 08-05-2024 *\/\n.elementor-widget-image{text-align:center}.elementor-widget-image a{display:inline-block}.elementor-widget-image a img[src$=\".svg\"]{width:48px}.elementor-widget-image img{vertical-align:middle;display:inline-block}<\/style>\t\t\t\t\t\t\t\t\t\t\t<a href=\"https:\/\/www.akileine.es\/\" target=\"_blank\">\n\t\t\t\t\t\t\t<img fetchpriority=\"high\" decoding=\"async\" width=\"1542\" height=\"524\" src=\"https:\/\/easy-footcare.com\/wp-content\/uploads\/2024\/05\/LOGO-AKILEINE-by-EF.png\" class=\"attachment-full size-full wp-image-289\" alt=\"\" srcset=\"https:\/\/easy-footcare.com\/wp-content\/uploads\/2024\/05\/LOGO-AKILEINE-by-EF.png 1542w, https:\/\/easy-footcare.com\/wp-content\/uploads\/2024\/05\/LOGO-AKILEINE-by-EF-300x102.png 300w, https:\/\/easy-footcare.com\/wp-content\/uploads\/2024\/05\/LOGO-AKILEINE-by-EF-1024x348.png 1024w, https:\/\/easy-footcare.com\/wp-content\/uploads\/2024\/05\/LOGO-AKILEINE-by-EF-768x261.png 768w, https:\/\/easy-footcare.com\/wp-content\/uploads\/2024\/05\/LOGO-AKILEINE-by-EF-1536x522.png 1536w, https:\/\/easy-footcare.com\/wp-content\/uploads\/2024\/05\/LOGO-AKILEINE-by-EF-18x6.png 18w\" sizes=\"(max-width: 1542px) 100vw, 1542px\" \/>\t\t\t\t\t\t\t\t<\/a>\n\t\t\t\t\t\t\t\t\t\t\t\t\t<\/div>\n\t\t\t\t<\/div>\n\t\t\t\t<div class=\"elementor-element elementor-element-a0e88bd elementor-widget elementor-widget-heading\" data-id=\"a0e88bd\" data-element_type=\"widget\" data-widget_type=\"heading.default\">\n\t\t\t\t<div class=\"elementor-widget-container\">\n\t\t\t<style>\/*! elementor - v3.21.0 - 08-05-2024 *\/\n.elementor-heading-title{padding:0;margin:0;line-height:1}.elementor-widget-heading .elementor-heading-title[class*=elementor-size-]>a{color:inherit;font-size:inherit;line-height:inherit}.elementor-widget-heading .elementor-heading-title.elementor-size-small{font-size:15px}.elementor-widget-heading .elementor-heading-title.elementor-size-medium{font-size:19px}.elementor-widget-heading .elementor-heading-title.elementor-size-large{font-size:29px}.elementor-widget-heading .elementor-heading-title.elementor-size-xl{font-size:39px}.elementor-widget-heading .elementor-heading-title.elementor-size-xxl{font-size:59px}<\/style><p class=\"elementor-heading-title elementor-size-default\">AKILEINE podologie est une marque de dermocosm\u00e9tiques \u00e0 usage professionnel en podologie, d\u00e9velopp\u00e9s pour chaque besoin de la peau.<\/p>\t\t<\/div>\n\t\t\t\t<\/div>\n\t\t\t\t\t<\/div>\n\t\t\t\t<\/div>\n\t\t<div class=\"elementor-element elementor-element-ff941a5 e-flex e-con-boxed e-con e-parent\" data-id=\"ff941a5\" data-element_type=\"container\">\n\t\t\t\t\t<div class=\"e-con-inner\">\n\t\t<div class=\"elementor-element elementor-element-6b7babc e-flex e-con-boxed e-con e-child\" data-id=\"6b7babc\" data-element_type=\"container\" data-settings=\"{&quot;background_background&quot;:&quot;classic&quot;}\">\n\t\t\t\t\t<div class=\"e-con-inner\">\n\t\t\t\t<div class=\"elementor-element elementor-element-568d3f8 elementor-widget elementor-widget-image\" data-id=\"568d3f8\" data-element_type=\"widget\" data-widget_type=\"image.default\">\n\t\t\t\t<div class=\"elementor-widget-container\">\n\t\t\t\t\t\t\t\t\t\t\t\t\t\t<a href=\"https:\/\/www.akileine.es\/anti-transpirantes-c102x3396182\" target=\"_blank\">\n\t\t\t\t\t\t\t<img decoding=\"async\" width=\"800\" height=\"301\" src=\"https:\/\/easy-footcare.com\/wp-content\/uploads\/2024\/05\/u34-5-1024x385.png\" class=\"attachment-large size-large wp-image-134\" alt=\"\" srcset=\"https:\/\/easy-footcare.com\/wp-content\/uploads\/2024\/05\/u34-5-1024x385.png 1024w, https:\/\/easy-footcare.com\/wp-content\/uploads\/2024\/05\/u34-5-300x113.png 300w, https:\/\/easy-footcare.com\/wp-content\/uploads\/2024\/05\/u34-5-768x289.png 768w, https:\/\/easy-footcare.com\/wp-content\/uploads\/2024\/05\/u34-5.png 1299w\" sizes=\"(max-width: 800px) 100vw, 800px\" \/>\t\t\t\t\t\t\t\t<\/a>\n\t\t\t\t\t\t\t\t\t\t\t\t\t<\/div>\n\t\t\t\t<\/div>\n\t\t\t\t\t<\/div>\n\t\t\t\t<\/div>\n\t\t\t\t\t<\/div>\n\t\t\t\t<\/div>\n\t\t\t\t<\/div>","protected":false},"excerpt":{"rendered":"<p>AKILEINE podologie est une marque de dermocosm\u00e9tiques \u00e0 usage professionnel en podologie, d\u00e9velopp\u00e9s pour chaque besoin de la peau.<\/p>","protected":false},"author":1,"featured_media":0,"parent":0,"menu_order":0,"comment_status":"closed","ping_status":"closed","template":"","meta":{"footnotes":""},"class_list":["post-132","page","type-page","status-publish","hentry"],"yoast_head":"<!-- This site is optimized with the Yoast SEO plugin v26.6 - https:\/\/yoast.com\/wordpress\/plugins\/seo\/ -->\n<title>Akile\u00efne podolog\u00eda - Easy Footcare<\/title>\n<meta name=\"robots\" content=\"index, follow, max-snippet:-1, max-image-preview:large, max-video-preview:-1\" \/>\n<link rel=\"canonical\" href=\"https:\/\/easy-footcare.com\/fr\/akileine-podologia\/\" \/>\n<meta property=\"og:locale\" content=\"fr_FR\" \/>\n<meta property=\"og:type\" content=\"article\" \/>\n<meta property=\"og:title\" content=\"Akile\u00efne podolog\u00eda - Easy Footcare\" \/>\n<meta property=\"og:description\" content=\"Akile\u00efne podolog\u00eda es una marca de dermocosm\u00e9ticos de uso profesional en podolog\u00eda, desarrollados para cada necesidad de la piel.\" \/>\n<meta property=\"og:url\" content=\"https:\/\/easy-footcare.com\/fr\/akileine-podologia\/\" \/>\n<meta property=\"og:site_name\" content=\"Easy Footcare\" \/>\n<meta property=\"article:modified_time\" content=\"2024-05-22T20:35:54+00:00\" \/>\n<meta property=\"og:image\" content=\"http:\/\/easy-footcare.com\/wp-content\/uploads\/2024\/05\/LOGO-AKILEINE-by-EF.png\" \/>\n<meta name=\"twitter:card\" content=\"summary_large_image\" \/>\n<script type=\"application\/ld+json\" class=\"yoast-schema-graph\">{\"@context\":\"https:\/\/schema.org\",\"@graph\":[{\"@type\":\"WebPage\",\"@id\":\"https:\/\/easy-footcare.com\/akileine-podologia\/\",\"url\":\"https:\/\/easy-footcare.com\/akileine-podologia\/\",\"name\":\"Akile\u00efne podolog\u00eda - Easy Footcare\",\"isPartOf\":{\"@id\":\"https:\/\/easy-footcare.com\/#website\"},\"primaryImageOfPage\":{\"@id\":\"https:\/\/easy-footcare.com\/akileine-podologia\/#primaryimage\"},\"image\":{\"@id\":\"https:\/\/easy-footcare.com\/akileine-podologia\/#primaryimage\"},\"thumbnailUrl\":\"http:\/\/easy-footcare.com\/wp-content\/uploads\/2024\/05\/LOGO-AKILEINE-by-EF.png\",\"datePublished\":\"2024-05-16T18:54:55+00:00\",\"dateModified\":\"2024-05-22T20:35:54+00:00\",\"breadcrumb\":{\"@id\":\"https:\/\/easy-footcare.com\/akileine-podologia\/#breadcrumb\"},\"inLanguage\":\"fr-FR\",\"potentialAction\":[{\"@type\":\"ReadAction\",\"target\":[\"https:\/\/easy-footcare.com\/akileine-podologia\/\"]}]},{\"@type\":\"ImageObject\",\"inLanguage\":\"fr-FR\",\"@id\":\"https:\/\/easy-footcare.com\/akileine-podologia\/#primaryimage\",\"url\":\"http:\/\/easy-footcare.com\/wp-content\/uploads\/2024\/05\/LOGO-AKILEINE-by-EF.png\",\"contentUrl\":\"http:\/\/easy-footcare.com\/wp-content\/uploads\/2024\/05\/LOGO-AKILEINE-by-EF.png\"},{\"@type\":\"BreadcrumbList\",\"@id\":\"https:\/\/easy-footcare.com\/akileine-podologia\/#breadcrumb\",\"itemListElement\":[{\"@type\":\"ListItem\",\"position\":1,\"name\":\"Portada\",\"item\":\"https:\/\/easy-footcare.com\/\"},{\"@type\":\"ListItem\",\"position\":2,\"name\":\"Akile\u00efne podolog\u00eda\"}]},{\"@type\":\"WebSite\",\"@id\":\"https:\/\/easy-footcare.com\/#website\",\"url\":\"https:\/\/easy-footcare.com\/\",\"name\":\"Easy Footcare\",\"description\":\"\",\"publisher\":{\"@id\":\"https:\/\/easy-footcare.com\/#organization\"},\"potentialAction\":[{\"@type\":\"SearchAction\",\"target\":{\"@type\":\"EntryPoint\",\"urlTemplate\":\"https:\/\/easy-footcare.com\/?s={search_term_string}\"},\"query-input\":{\"@type\":\"PropertyValueSpecification\",\"valueRequired\":true,\"valueName\":\"search_term_string\"}}],\"inLanguage\":\"fr-FR\"},{\"@type\":\"Organization\",\"@id\":\"https:\/\/easy-footcare.com\/#organization\",\"name\":\"Easy Footcare\",\"url\":\"https:\/\/easy-footcare.com\/\",\"logo\":{\"@type\":\"ImageObject\",\"inLanguage\":\"fr-FR\",\"@id\":\"https:\/\/easy-footcare.com\/#\/schema\/logo\/image\/\",\"url\":\"https:\/\/easy-footcare.com\/wp-content\/uploads\/2024\/05\/logo-footcare.png\",\"contentUrl\":\"https:\/\/easy-footcare.com\/wp-content\/uploads\/2024\/05\/logo-footcare.png\",\"width\":1192,\"height\":652,\"caption\":\"Easy Footcare\"},\"image\":{\"@id\":\"https:\/\/easy-footcare.com\/#\/schema\/logo\/image\/\"}}]}<\/script>\n<!-- \/ Yoast SEO plugin. -->","yoast_head_json":{"title":"Akile\u00efne podolog\u00eda - Easy Footcare","robots":{"index":"index","follow":"follow","max-snippet":"max-snippet:-1","max-image-preview":"max-image-preview:large","max-video-preview":"max-video-preview:-1"},"canonical":"https:\/\/easy-footcare.com\/fr\/akileine-podologia\/","og_locale":"fr_FR","og_type":"article","og_title":"Akile\u00efne podolog\u00eda - Easy Footcare","og_description":"Akile\u00efne podolog\u00eda es una marca de dermocosm\u00e9ticos de uso profesional en podolog\u00eda, desarrollados para cada necesidad de la piel.","og_url":"https:\/\/easy-footcare.com\/fr\/akileine-podologia\/","og_site_name":"Easy Footcare","article_modified_time":"2024-05-22T20:35:54+00:00","og_image":[{"url":"http:\/\/easy-footcare.com\/wp-content\/uploads\/2024\/05\/LOGO-AKILEINE-by-EF.png","type":"","width":"","height":""}],"twitter_card":"summary_large_image","schema":{"@context":"https:\/\/schema.org","@graph":[{"@type":"WebPage","@id":"https:\/\/easy-footcare.com\/akileine-podologia\/","url":"https:\/\/easy-footcare.com\/akileine-podologia\/","name":"Akile\u00efne podolog\u00eda - Easy Footcare","isPartOf":{"@id":"https:\/\/easy-footcare.com\/#website"},"primaryImageOfPage":{"@id":"https:\/\/easy-footcare.com\/akileine-podologia\/#primaryimage"},"image":{"@id":"https:\/\/easy-footcare.com\/akileine-podologia\/#primaryimage"},"thumbnailUrl":"http:\/\/easy-footcare.com\/wp-content\/uploads\/2024\/05\/LOGO-AKILEINE-by-EF.png","datePublished":"2024-05-16T18:54:55+00:00","dateModified":"2024-05-22T20:35:54+00:00","breadcrumb":{"@id":"https:\/\/easy-footcare.com\/akileine-podologia\/#breadcrumb"},"inLanguage":"fr-FR","potentialAction":[{"@type":"ReadAction","target":["https:\/\/easy-footcare.com\/akileine-podologia\/"]}]},{"@type":"ImageObject","inLanguage":"fr-FR","@id":"https:\/\/easy-footcare.com\/akileine-podologia\/#primaryimage","url":"http:\/\/easy-footcare.com\/wp-content\/uploads\/2024\/05\/LOGO-AKILEINE-by-EF.png","contentUrl":"http:\/\/easy-footcare.com\/wp-content\/uploads\/2024\/05\/LOGO-AKILEINE-by-EF.png"},{"@type":"BreadcrumbList","@id":"https:\/\/easy-footcare.com\/akileine-podologia\/#breadcrumb","itemListElement":[{"@type":"ListItem","position":1,"name":"Portada","item":"https:\/\/easy-footcare.com\/"},{"@type":"ListItem","position":2,"name":"Akile\u00efne podolog\u00eda"}]},{"@type":"WebSite","@id":"https:\/\/easy-footcare.com\/#website","url":"https:\/\/easy-footcare.com\/","name":"Easy Footcare","description":"","publisher":{"@id":"https:\/\/easy-footcare.com\/#organization"},"potentialAction":[{"@type":"SearchAction","target":{"@type":"EntryPoint","urlTemplate":"https:\/\/easy-footcare.com\/?s={search_term_string}"},"query-input":{"@type":"PropertyValueSpecification","valueRequired":true,"valueName":"search_term_string"}}],"inLanguage":"fr-FR"},{"@type":"Organization","@id":"https:\/\/easy-footcare.com\/#organization","name":"Easy Footcare","url":"https:\/\/easy-footcare.com\/","logo":{"@type":"ImageObject","inLanguage":"fr-FR","@id":"https:\/\/easy-footcare.com\/#\/schema\/logo\/image\/","url":"https:\/\/easy-footcare.com\/wp-content\/uploads\/2024\/05\/logo-footcare.png","contentUrl":"https:\/\/easy-footcare.com\/wp-content\/uploads\/2024\/05\/logo-footcare.png","width":1192,"height":652,"caption":"Easy Footcare"},"image":{"@id":"https:\/\/easy-footcare.com\/#\/schema\/logo\/image\/"}}]}},"_links":{"self":[{"href":"https:\/\/easy-footcare.com\/fr\/wp-json\/wp\/v2\/pages\/132","targetHints":{"allow":["GET"]}}],"collection":[{"href":"https:\/\/easy-footcare.com\/fr\/wp-json\/wp\/v2\/pages"}],"about":[{"href":"https:\/\/easy-footcare.com\/fr\/wp-json\/wp\/v2\/types\/page"}],"author":[{"embeddable":true,"href":"https:\/\/easy-footcare.com\/fr\/wp-json\/wp\/v2\/users\/1"}],"replies":[{"embeddable":true,"href":"https:\/\/easy-footcare.com\/fr\/wp-json\/wp\/v2\/comments?post=132"}],"version-history":[{"count":13,"href":"https:\/\/easy-footcare.com\/fr\/wp-json\/wp\/v2\/pages\/132\/revisions"}],"predecessor-version":[{"id":334,"href":"https:\/\/easy-footcare.com\/fr\/wp-json\/wp\/v2\/pages\/132\/revisions\/334"}],"wp:attachment":[{"href":"https:\/\/easy-footcare.com\/fr\/wp-json\/wp\/v2\/media?parent=132"}],"curies":[{"name":"wp","href":"https:\/\/api.w.org\/{rel}","templated":true}]}}