{"id":144,"date":"2024-05-16T13:56:49","date_gmt":"2024-05-16T18:56:49","guid":{"rendered":"https:\/\/easy-footcare.com\/?page_id=144"},"modified":"2024-05-22T15:36:27","modified_gmt":"2024-05-22T20:36:27","slug":"coup-declat","status":"publish","type":"page","link":"https:\/\/easy-footcare.com\/fr\/coup-declat\/","title":{"rendered":"COUP D\u2019ECLAT"},"content":{"rendered":"<div data-elementor-type=\"wp-page\" data-elementor-id=\"144\" class=\"elementor elementor-144\" data-elementor-post-type=\"page\">\n\t\t\t\t<div class=\"elementor-element elementor-element-c56b831 e-flex e-con-boxed e-con e-parent\" data-id=\"c56b831\" data-element_type=\"container\">\n\t\t\t\t\t<div class=\"e-con-inner\">\n\t\t\t\t<div class=\"elementor-element elementor-element-10eaced elementor-widget elementor-widget-image\" data-id=\"10eaced\" data-element_type=\"widget\" data-widget_type=\"image.default\">\n\t\t\t\t<div class=\"elementor-widget-container\">\n\t\t\t<style>\/*! elementor - v3.21.0 - 08-05-2024 *\/\n.elementor-widget-image{text-align:center}.elementor-widget-image a{display:inline-block}.elementor-widget-image a img[src$=\".svg\"]{width:48px}.elementor-widget-image img{vertical-align:middle;display:inline-block}<\/style>\t\t\t\t\t\t\t\t\t\t\t<a href=\"https:\/\/www.asepta.com\/\" target=\"_blank\">\n\t\t\t\t\t\t\t<img decoding=\"async\" width=\"300\" height=\"78\" src=\"https:\/\/easy-footcare.com\/wp-content\/uploads\/2024\/05\/u36-300x78.png\" class=\"attachment-medium size-medium wp-image-28\" alt=\"\" srcset=\"https:\/\/easy-footcare.com\/wp-content\/uploads\/2024\/05\/u36-300x78.png 300w, https:\/\/easy-footcare.com\/wp-content\/uploads\/2024\/05\/u36-768x199.png 768w, https:\/\/easy-footcare.com\/wp-content\/uploads\/2024\/05\/u36.png 982w\" sizes=\"(max-width: 300px) 100vw, 300px\" \/>\t\t\t\t\t\t\t\t<\/a>\n\t\t\t\t\t\t\t\t\t\t\t\t\t<\/div>\n\t\t\t\t<\/div>\n\t\t\t\t<div class=\"elementor-element elementor-element-b48214c elementor-widget elementor-widget-heading\" data-id=\"b48214c\" data-element_type=\"widget\" data-widget_type=\"heading.default\">\n\t\t\t\t<div class=\"elementor-widget-container\">\n\t\t\t<style>\/*! elementor - v3.21.0 - 08-05-2024 *\/\n.elementor-heading-title{padding:0;margin:0;line-height:1}.elementor-widget-heading .elementor-heading-title[class*=elementor-size-]>a{color:inherit;font-size:inherit;line-height:inherit}.elementor-widget-heading .elementor-heading-title.elementor-size-small{font-size:15px}.elementor-widget-heading .elementor-heading-title.elementor-size-medium{font-size:19px}.elementor-widget-heading .elementor-heading-title.elementor-size-large{font-size:29px}.elementor-widget-heading .elementor-heading-title.elementor-size-xl{font-size:39px}.elementor-widget-heading .elementor-heading-title.elementor-size-xxl{font-size:59px}<\/style><p class=\"elementor-heading-title elementor-size-default\">Lorsque vous mentionnez COUP D\u2019ECLAT\u00ae, les femmes les plus exigeantes pensent imm\u00e9diatement aux iconiques Ampoules Lifting. Un succ\u00e8s qui dure depuis plus de 40 ans, mais COUP D\u2019ECLAT\u00ae n'est pas seulement un produit embl\u00e9matique ! COUP D\u2019ECLAT\u00ae est, avant tout, une marque qui s\u2019est d\u00e9di\u00e9e \u00e0 soutenir les femmes dans leur qu\u00eate de beaut\u00e9. <br><br>\nBien que la recherche de luminosit\u00e9 soit universelle, les attentes sont tr\u00e8s diff\u00e9rentes : de la peau sensible \u00e0 la peau mature sans oublier la peau asphyxi\u00e9e, chaque femme a besoin d'un COUP D\u2019ECLAT\u00ae sp\u00e9cifique.<\/p>\t\t<\/div>\n\t\t\t\t<\/div>\n\t\t\t\t\t<\/div>\n\t\t\t\t<\/div>\n\t\t<div class=\"elementor-element elementor-element-131f324 e-flex e-con-boxed e-con e-parent\" data-id=\"131f324\" data-element_type=\"container\">\n\t\t\t\t\t<div class=\"e-con-inner\">\n\t\t<div class=\"elementor-element elementor-element-4ed01db e-flex e-con-boxed e-con e-child\" data-id=\"4ed01db\" data-element_type=\"container\" data-settings=\"{&quot;background_background&quot;:&quot;classic&quot;}\">\n\t\t\t\t\t<div class=\"e-con-inner\">\n\t\t\t\t<div class=\"elementor-element elementor-element-5bf7980 elementor-widget elementor-widget-image\" data-id=\"5bf7980\" data-element_type=\"widget\" data-widget_type=\"image.default\">\n\t\t\t\t<div class=\"elementor-widget-container\">\n\t\t\t\t\t\t\t\t\t\t\t\t\t\t<a href=\"https:\/\/www.asepta.com\/es\/producto\/ampollas-lift-luz\/\" target=\"_blank\">\n\t\t\t\t\t\t\t<img decoding=\"async\" width=\"190\" height=\"177\" src=\"https:\/\/easy-footcare.com\/wp-content\/uploads\/2024\/05\/u34-1.png\" class=\"attachment-large size-large wp-image-149\" alt=\"\" \/>\t\t\t\t\t\t\t\t<\/a>\n\t\t\t\t\t\t\t\t\t\t\t\t\t<\/div>\n\t\t\t\t<\/div>\n\t\t\t\t\t<\/div>\n\t\t\t\t<\/div>\n\t\t<div class=\"elementor-element elementor-element-cbcddfb e-flex e-con-boxed e-con e-child\" data-id=\"cbcddfb\" data-element_type=\"container\" data-settings=\"{&quot;background_background&quot;:&quot;classic&quot;}\">\n\t\t\t\t\t<div class=\"e-con-inner\">\n\t\t\t\t<div class=\"elementor-element elementor-element-a9275a7 elementor-widget elementor-widget-image\" data-id=\"a9275a7\" data-element_type=\"widget\" data-widget_type=\"image.default\">\n\t\t\t\t<div class=\"elementor-widget-container\">\n\t\t\t\t\t\t\t\t\t\t\t\t\t\t<a href=\"https:\/\/www.asepta.com\/es\/producto\/tratamiento-de-contorno-de-ojos-triple-accion\/\" target=\"_blank\">\n\t\t\t\t\t\t\t<img decoding=\"async\" width=\"162\" height=\"291\" src=\"https:\/\/easy-footcare.com\/wp-content\/uploads\/2024\/05\/u35.png\" class=\"attachment-large size-large wp-image-150\" alt=\"\" \/>\t\t\t\t\t\t\t\t<\/a>\n\t\t\t\t\t\t\t\t\t\t\t\t\t<\/div>\n\t\t\t\t<\/div>\n\t\t\t\t\t<\/div>\n\t\t\t\t<\/div>\n\t\t<div class=\"elementor-element elementor-element-258dfe8 e-flex e-con-boxed e-con e-child\" data-id=\"258dfe8\" data-element_type=\"container\" data-settings=\"{&quot;background_background&quot;:&quot;classic&quot;}\">\n\t\t\t\t\t<div class=\"e-con-inner\">\n\t\t\t\t<div class=\"elementor-element elementor-element-d1db6ab elementor-widget elementor-widget-image\" data-id=\"d1db6ab\" data-element_type=\"widget\" data-widget_type=\"image.default\">\n\t\t\t\t<div class=\"elementor-widget-container\">\n\t\t\t\t\t\t\t\t\t\t\t\t\t\t<a href=\"https:\/\/www.asepta.com\/es\/producto\/crema-nutri-oxigenante\/\" target=\"_blank\">\n\t\t\t\t\t\t\t<img loading=\"lazy\" decoding=\"async\" width=\"322\" height=\"184\" src=\"https:\/\/easy-footcare.com\/wp-content\/uploads\/2024\/05\/u37.png\" class=\"attachment-large size-large wp-image-151\" alt=\"\" srcset=\"https:\/\/easy-footcare.com\/wp-content\/uploads\/2024\/05\/u37.png 322w, https:\/\/easy-footcare.com\/wp-content\/uploads\/2024\/05\/u37-300x171.png 300w\" sizes=\"(max-width: 322px) 100vw, 322px\" \/>\t\t\t\t\t\t\t\t<\/a>\n\t\t\t\t\t\t\t\t\t\t\t\t\t<\/div>\n\t\t\t\t<\/div>\n\t\t\t\t\t<\/div>\n\t\t\t\t<\/div>\n\t\t\t\t\t<\/div>\n\t\t\t\t<\/div>\n\t\t\t\t<\/div>","protected":false},"excerpt":{"rendered":"<p>Cuando mencionas COUP D\u2019ECLAT\u00ae, las mujeres m\u00e1s exigentes piensan inmediatamente en las ic\u00f3nicas Ampollas Lifting. Un \u00e9xito que ha durado m\u00e1s de 40 a\u00f1os, \u00a1Pero COUP D\u2019ECLAT\u00ae no es solo un producto emblem\u00e1tico! COUP D\u2019ECLAT\u00ae es, ante todo, una marca que se ha dedicado a apoyar a las mujeres en su b\u00fasqueda de belleza. Aunque [&hellip;]<\/p>","protected":false},"author":1,"featured_media":0,"parent":0,"menu_order":0,"comment_status":"closed","ping_status":"closed","template":"","meta":{"footnotes":""},"class_list":["post-144","page","type-page","status-publish","hentry"],"yoast_head":"<!-- This site is optimized with the Yoast SEO plugin v26.6 - https:\/\/yoast.com\/wordpress\/plugins\/seo\/ -->\n<title>COUP D\u2019ECLAT - Easy Footcare<\/title>\n<meta name=\"robots\" content=\"index, follow, max-snippet:-1, max-image-preview:large, max-video-preview:-1\" \/>\n<link rel=\"canonical\" href=\"https:\/\/easy-footcare.com\/fr\/coup-declat\/\" \/>\n<meta property=\"og:locale\" content=\"fr_FR\" \/>\n<meta property=\"og:type\" content=\"article\" \/>\n<meta property=\"og:title\" content=\"COUP D\u2019ECLAT - Easy Footcare\" \/>\n<meta property=\"og:description\" content=\"Cuando mencionas COUP D\u2019ECLAT\u00ae, las mujeres m\u00e1s exigentes piensan inmediatamente en las ic\u00f3nicas Ampollas Lifting. Un \u00e9xito que ha durado m\u00e1s de 40 a\u00f1os, \u00a1Pero COUP D\u2019ECLAT\u00ae no es solo un producto emblem\u00e1tico! COUP D\u2019ECLAT\u00ae es, ante todo, una marca que se ha dedicado a apoyar a las mujeres en su b\u00fasqueda de belleza. Aunque [&hellip;]\" \/>\n<meta property=\"og:url\" content=\"https:\/\/easy-footcare.com\/fr\/coup-declat\/\" \/>\n<meta property=\"og:site_name\" content=\"Easy Footcare\" \/>\n<meta property=\"article:modified_time\" content=\"2024-05-22T20:36:27+00:00\" \/>\n<meta property=\"og:image\" content=\"http:\/\/easy-footcare.com\/wp-content\/uploads\/2024\/05\/u36-300x78.png\" \/>\n<meta name=\"twitter:card\" content=\"summary_large_image\" \/>\n<script type=\"application\/ld+json\" class=\"yoast-schema-graph\">{\"@context\":\"https:\/\/schema.org\",\"@graph\":[{\"@type\":\"WebPage\",\"@id\":\"https:\/\/easy-footcare.com\/coup-declat\/\",\"url\":\"https:\/\/easy-footcare.com\/coup-declat\/\",\"name\":\"COUP D\u2019ECLAT - Easy Footcare\",\"isPartOf\":{\"@id\":\"https:\/\/easy-footcare.com\/#website\"},\"primaryImageOfPage\":{\"@id\":\"https:\/\/easy-footcare.com\/coup-declat\/#primaryimage\"},\"image\":{\"@id\":\"https:\/\/easy-footcare.com\/coup-declat\/#primaryimage\"},\"thumbnailUrl\":\"http:\/\/easy-footcare.com\/wp-content\/uploads\/2024\/05\/u36-300x78.png\",\"datePublished\":\"2024-05-16T18:56:49+00:00\",\"dateModified\":\"2024-05-22T20:36:27+00:00\",\"breadcrumb\":{\"@id\":\"https:\/\/easy-footcare.com\/coup-declat\/#breadcrumb\"},\"inLanguage\":\"fr-FR\",\"potentialAction\":[{\"@type\":\"ReadAction\",\"target\":[\"https:\/\/easy-footcare.com\/coup-declat\/\"]}]},{\"@type\":\"ImageObject\",\"inLanguage\":\"fr-FR\",\"@id\":\"https:\/\/easy-footcare.com\/coup-declat\/#primaryimage\",\"url\":\"http:\/\/easy-footcare.com\/wp-content\/uploads\/2024\/05\/u36-300x78.png\",\"contentUrl\":\"http:\/\/easy-footcare.com\/wp-content\/uploads\/2024\/05\/u36-300x78.png\"},{\"@type\":\"BreadcrumbList\",\"@id\":\"https:\/\/easy-footcare.com\/coup-declat\/#breadcrumb\",\"itemListElement\":[{\"@type\":\"ListItem\",\"position\":1,\"name\":\"Portada\",\"item\":\"https:\/\/easy-footcare.com\/\"},{\"@type\":\"ListItem\",\"position\":2,\"name\":\"COUP D\u2019ECLAT\"}]},{\"@type\":\"WebSite\",\"@id\":\"https:\/\/easy-footcare.com\/#website\",\"url\":\"https:\/\/easy-footcare.com\/\",\"name\":\"Easy Footcare\",\"description\":\"\",\"publisher\":{\"@id\":\"https:\/\/easy-footcare.com\/#organization\"},\"potentialAction\":[{\"@type\":\"SearchAction\",\"target\":{\"@type\":\"EntryPoint\",\"urlTemplate\":\"https:\/\/easy-footcare.com\/?s={search_term_string}\"},\"query-input\":{\"@type\":\"PropertyValueSpecification\",\"valueRequired\":true,\"valueName\":\"search_term_string\"}}],\"inLanguage\":\"fr-FR\"},{\"@type\":\"Organization\",\"@id\":\"https:\/\/easy-footcare.com\/#organization\",\"name\":\"Easy Footcare\",\"url\":\"https:\/\/easy-footcare.com\/\",\"logo\":{\"@type\":\"ImageObject\",\"inLanguage\":\"fr-FR\",\"@id\":\"https:\/\/easy-footcare.com\/#\/schema\/logo\/image\/\",\"url\":\"https:\/\/easy-footcare.com\/wp-content\/uploads\/2024\/05\/logo-footcare.png\",\"contentUrl\":\"https:\/\/easy-footcare.com\/wp-content\/uploads\/2024\/05\/logo-footcare.png\",\"width\":1192,\"height\":652,\"caption\":\"Easy Footcare\"},\"image\":{\"@id\":\"https:\/\/easy-footcare.com\/#\/schema\/logo\/image\/\"}}]}<\/script>\n<!-- \/ Yoast SEO plugin. -->","yoast_head_json":{"title":"COUP D\u2019ECLAT - Easy Footcare","robots":{"index":"index","follow":"follow","max-snippet":"max-snippet:-1","max-image-preview":"max-image-preview:large","max-video-preview":"max-video-preview:-1"},"canonical":"https:\/\/easy-footcare.com\/fr\/coup-declat\/","og_locale":"fr_FR","og_type":"article","og_title":"COUP D\u2019ECLAT - Easy Footcare","og_description":"Cuando mencionas COUP D\u2019ECLAT\u00ae, las mujeres m\u00e1s exigentes piensan inmediatamente en las ic\u00f3nicas Ampollas Lifting. Un \u00e9xito que ha durado m\u00e1s de 40 a\u00f1os, \u00a1Pero COUP D\u2019ECLAT\u00ae no es solo un producto emblem\u00e1tico! COUP D\u2019ECLAT\u00ae es, ante todo, una marca que se ha dedicado a apoyar a las mujeres en su b\u00fasqueda de belleza. Aunque [&hellip;]","og_url":"https:\/\/easy-footcare.com\/fr\/coup-declat\/","og_site_name":"Easy Footcare","article_modified_time":"2024-05-22T20:36:27+00:00","og_image":[{"url":"http:\/\/easy-footcare.com\/wp-content\/uploads\/2024\/05\/u36-300x78.png","type":"","width":"","height":""}],"twitter_card":"summary_large_image","schema":{"@context":"https:\/\/schema.org","@graph":[{"@type":"WebPage","@id":"https:\/\/easy-footcare.com\/coup-declat\/","url":"https:\/\/easy-footcare.com\/coup-declat\/","name":"COUP D\u2019ECLAT - Easy Footcare","isPartOf":{"@id":"https:\/\/easy-footcare.com\/#website"},"primaryImageOfPage":{"@id":"https:\/\/easy-footcare.com\/coup-declat\/#primaryimage"},"image":{"@id":"https:\/\/easy-footcare.com\/coup-declat\/#primaryimage"},"thumbnailUrl":"http:\/\/easy-footcare.com\/wp-content\/uploads\/2024\/05\/u36-300x78.png","datePublished":"2024-05-16T18:56:49+00:00","dateModified":"2024-05-22T20:36:27+00:00","breadcrumb":{"@id":"https:\/\/easy-footcare.com\/coup-declat\/#breadcrumb"},"inLanguage":"fr-FR","potentialAction":[{"@type":"ReadAction","target":["https:\/\/easy-footcare.com\/coup-declat\/"]}]},{"@type":"ImageObject","inLanguage":"fr-FR","@id":"https:\/\/easy-footcare.com\/coup-declat\/#primaryimage","url":"http:\/\/easy-footcare.com\/wp-content\/uploads\/2024\/05\/u36-300x78.png","contentUrl":"http:\/\/easy-footcare.com\/wp-content\/uploads\/2024\/05\/u36-300x78.png"},{"@type":"BreadcrumbList","@id":"https:\/\/easy-footcare.com\/coup-declat\/#breadcrumb","itemListElement":[{"@type":"ListItem","position":1,"name":"Portada","item":"https:\/\/easy-footcare.com\/"},{"@type":"ListItem","position":2,"name":"COUP D\u2019ECLAT"}]},{"@type":"WebSite","@id":"https:\/\/easy-footcare.com\/#website","url":"https:\/\/easy-footcare.com\/","name":"Easy Footcare","description":"","publisher":{"@id":"https:\/\/easy-footcare.com\/#organization"},"potentialAction":[{"@type":"SearchAction","target":{"@type":"EntryPoint","urlTemplate":"https:\/\/easy-footcare.com\/?s={search_term_string}"},"query-input":{"@type":"PropertyValueSpecification","valueRequired":true,"valueName":"search_term_string"}}],"inLanguage":"fr-FR"},{"@type":"Organization","@id":"https:\/\/easy-footcare.com\/#organization","name":"Easy Footcare","url":"https:\/\/easy-footcare.com\/","logo":{"@type":"ImageObject","inLanguage":"fr-FR","@id":"https:\/\/easy-footcare.com\/#\/schema\/logo\/image\/","url":"https:\/\/easy-footcare.com\/wp-content\/uploads\/2024\/05\/logo-footcare.png","contentUrl":"https:\/\/easy-footcare.com\/wp-content\/uploads\/2024\/05\/logo-footcare.png","width":1192,"height":652,"caption":"Easy Footcare"},"image":{"@id":"https:\/\/easy-footcare.com\/#\/schema\/logo\/image\/"}}]}},"_links":{"self":[{"href":"https:\/\/easy-footcare.com\/fr\/wp-json\/wp\/v2\/pages\/144","targetHints":{"allow":["GET"]}}],"collection":[{"href":"https:\/\/easy-footcare.com\/fr\/wp-json\/wp\/v2\/pages"}],"about":[{"href":"https:\/\/easy-footcare.com\/fr\/wp-json\/wp\/v2\/types\/page"}],"author":[{"embeddable":true,"href":"https:\/\/easy-footcare.com\/fr\/wp-json\/wp\/v2\/users\/1"}],"replies":[{"embeddable":true,"href":"https:\/\/easy-footcare.com\/fr\/wp-json\/wp\/v2\/comments?post=144"}],"version-history":[{"count":10,"href":"https:\/\/easy-footcare.com\/fr\/wp-json\/wp\/v2\/pages\/144\/revisions"}],"predecessor-version":[{"id":337,"href":"https:\/\/easy-footcare.com\/fr\/wp-json\/wp\/v2\/pages\/144\/revisions\/337"}],"wp:attachment":[{"href":"https:\/\/easy-footcare.com\/fr\/wp-json\/wp\/v2\/media?parent=144"}],"curies":[{"name":"wp","href":"https:\/\/api.w.org\/{rel}","templated":true}]}}