{"id":164,"date":"2024-05-16T13:58:29","date_gmt":"2024-05-16T18:58:29","guid":{"rendered":"https:\/\/easy-footcare.com\/?page_id=164"},"modified":"2024-05-22T15:36:47","modified_gmt":"2024-05-22T20:36:47","slug":"ecrinal","status":"publish","type":"page","link":"https:\/\/easy-footcare.com\/fr\/ecrinal\/","title":{"rendered":"ECRINAL"},"content":{"rendered":"<div data-elementor-type=\"wp-page\" data-elementor-id=\"164\" class=\"elementor elementor-164\" data-elementor-post-type=\"page\">\n\t\t\t\t<div class=\"elementor-element elementor-element-29dbb76 e-flex e-con-boxed e-con e-parent\" data-id=\"29dbb76\" data-element_type=\"container\">\n\t\t\t\t\t<div class=\"e-con-inner\">\n\t\t\t\t<div class=\"elementor-element elementor-element-ff9f189 elementor-widget elementor-widget-image\" data-id=\"ff9f189\" data-element_type=\"widget\" data-widget_type=\"image.default\">\n\t\t\t\t<div class=\"elementor-widget-container\">\n\t\t\t<style>\/*! elementor - v3.21.0 - 08-05-2024 *\/\n.elementor-widget-image{text-align:center}.elementor-widget-image a{display:inline-block}.elementor-widget-image a img[src$=\".svg\"]{width:48px}.elementor-widget-image img{vertical-align:middle;display:inline-block}<\/style>\t\t\t\t\t\t\t\t\t\t\t<a href=\"https:\/\/www.ecrinal.es\/\" target=\"_blank\">\n\t\t\t\t\t\t\t<img decoding=\"async\" width=\"300\" height=\"114\" src=\"https:\/\/easy-footcare.com\/wp-content\/uploads\/2024\/05\/u33-300x114.png\" class=\"attachment-medium size-medium wp-image-29\" alt=\"\" srcset=\"https:\/\/easy-footcare.com\/wp-content\/uploads\/2024\/05\/u33-300x114.png 300w, https:\/\/easy-footcare.com\/wp-content\/uploads\/2024\/05\/u33.png 350w\" sizes=\"(max-width: 300px) 100vw, 300px\" \/>\t\t\t\t\t\t\t\t<\/a>\n\t\t\t\t\t\t\t\t\t\t\t\t\t<\/div>\n\t\t\t\t<\/div>\n\t\t\t\t<div class=\"elementor-element elementor-element-2dc591f elementor-widget elementor-widget-heading\" data-id=\"2dc591f\" data-element_type=\"widget\" data-widget_type=\"heading.default\">\n\t\t\t\t<div class=\"elementor-widget-container\">\n\t\t\t<style>\/*! elementor - v3.21.0 - 08-05-2024 *\/\n.elementor-heading-title{padding:0;margin:0;line-height:1}.elementor-widget-heading .elementor-heading-title[class*=elementor-size-]>a{color:inherit;font-size:inherit;line-height:inherit}.elementor-widget-heading .elementor-heading-title.elementor-size-small{font-size:15px}.elementor-widget-heading .elementor-heading-title.elementor-size-medium{font-size:19px}.elementor-widget-heading .elementor-heading-title.elementor-size-large{font-size:29px}.elementor-widget-heading .elementor-heading-title.elementor-size-xl{font-size:39px}.elementor-widget-heading .elementor-heading-title.elementor-size-xxl{font-size:59px}<\/style><p class=\"elementor-heading-title elementor-size-default\">La mission quotidienne d'ECRINAL\u00ae est d'aider chacun \u00e0 profiter de beaux ongles bien soign\u00e9s et de cheveux forts. La combinaison d'ingr\u00e9dients naturels hautement efficaces et le respect de la physiologie des ongles et des cheveux aboutissent \u00e0 des formules non irritantes.<\/p>\t\t<\/div>\n\t\t\t\t<\/div>\n\t\t\t\t\t<\/div>\n\t\t\t\t<\/div>\n\t\t<div class=\"elementor-element elementor-element-3d08154 e-flex e-con-boxed e-con e-parent\" data-id=\"3d08154\" data-element_type=\"container\">\n\t\t\t\t\t<div class=\"e-con-inner\">\n\t\t<div class=\"elementor-element elementor-element-49643d8 e-flex e-con-boxed e-con e-child\" data-id=\"49643d8\" data-element_type=\"container\" data-settings=\"{&quot;background_background&quot;:&quot;classic&quot;}\">\n\t\t\t\t\t<div class=\"e-con-inner\">\n\t\t\t\t<div class=\"elementor-element elementor-element-636d4a2 elementor-widget elementor-widget-image\" data-id=\"636d4a2\" data-element_type=\"widget\" data-widget_type=\"image.default\">\n\t\t\t\t<div class=\"elementor-widget-container\">\n\t\t\t\t\t\t\t\t\t\t\t\t\t\t<a href=\"https:\/\/www.asepta.com\/es\/producto\/mascara-de-pestanas-negra-de-triple-accion\/\" target=\"_blank\">\n\t\t\t\t\t\t\t<img decoding=\"async\" width=\"131\" height=\"300\" src=\"https:\/\/easy-footcare.com\/wp-content\/uploads\/2024\/05\/u34-2-131x300.png\" class=\"attachment-medium size-medium wp-image-166\" alt=\"\" srcset=\"https:\/\/easy-footcare.com\/wp-content\/uploads\/2024\/05\/u34-2-131x300.png 131w, https:\/\/easy-footcare.com\/wp-content\/uploads\/2024\/05\/u34-2.png 161w\" sizes=\"(max-width: 131px) 100vw, 131px\" \/>\t\t\t\t\t\t\t\t<\/a>\n\t\t\t\t\t\t\t\t\t\t\t\t\t<\/div>\n\t\t\t\t<\/div>\n\t\t\t\t\t<\/div>\n\t\t\t\t<\/div>\n\t\t<div class=\"elementor-element elementor-element-a17b9f1 e-flex e-con-boxed e-con e-child\" data-id=\"a17b9f1\" data-element_type=\"container\" data-settings=\"{&quot;background_background&quot;:&quot;classic&quot;}\">\n\t\t\t\t\t<div class=\"e-con-inner\">\n\t\t\t\t<div class=\"elementor-element elementor-element-f313646 elementor-widget elementor-widget-image\" data-id=\"f313646\" data-element_type=\"widget\" data-widget_type=\"image.default\">\n\t\t\t\t<div class=\"elementor-widget-container\">\n\t\t\t\t\t\t\t\t\t\t\t\t\t\t<a href=\"https:\/\/www.asepta.com\/es\/producto\/crema-fortalecedora-de-a-n-p\/\" target=\"_blank\">\n\t\t\t\t\t\t\t<img fetchpriority=\"high\" decoding=\"async\" width=\"230\" height=\"300\" src=\"https:\/\/easy-footcare.com\/wp-content\/uploads\/2024\/05\/u35-1-230x300.png\" class=\"attachment-medium size-medium wp-image-167\" alt=\"\" srcset=\"https:\/\/easy-footcare.com\/wp-content\/uploads\/2024\/05\/u35-1-230x300.png 230w, https:\/\/easy-footcare.com\/wp-content\/uploads\/2024\/05\/u35-1.png 294w\" sizes=\"(max-width: 230px) 100vw, 230px\" \/>\t\t\t\t\t\t\t\t<\/a>\n\t\t\t\t\t\t\t\t\t\t\t\t\t<\/div>\n\t\t\t\t<\/div>\n\t\t\t\t\t<\/div>\n\t\t\t\t<\/div>\n\t\t<div class=\"elementor-element elementor-element-4e8c8c3 e-flex e-con-boxed e-con e-child\" data-id=\"4e8c8c3\" data-element_type=\"container\" data-settings=\"{&quot;background_background&quot;:&quot;classic&quot;}\">\n\t\t\t\t\t<div class=\"e-con-inner\">\n\t\t\t\t<div class=\"elementor-element elementor-element-d48088d elementor-widget elementor-widget-image\" data-id=\"d48088d\" data-element_type=\"widget\" data-widget_type=\"image.default\">\n\t\t\t\t<div class=\"elementor-widget-container\">\n\t\t\t\t\t\t\t\t\t\t\t\t\t\t<a href=\"https:\/\/www.asepta.com\/es\/producto\/champu-fortificante-anp-2\/\" target=\"_blank\">\n\t\t\t\t\t\t\t<img loading=\"lazy\" decoding=\"async\" width=\"212\" height=\"300\" src=\"https:\/\/easy-footcare.com\/wp-content\/uploads\/2024\/05\/u36-1-212x300.png\" class=\"attachment-medium size-medium wp-image-168\" alt=\"\" srcset=\"https:\/\/easy-footcare.com\/wp-content\/uploads\/2024\/05\/u36-1-212x300.png 212w, https:\/\/easy-footcare.com\/wp-content\/uploads\/2024\/05\/u36-1.png 281w\" sizes=\"(max-width: 212px) 100vw, 212px\" \/>\t\t\t\t\t\t\t\t<\/a>\n\t\t\t\t\t\t\t\t\t\t\t\t\t<\/div>\n\t\t\t\t<\/div>\n\t\t\t\t\t<\/div>\n\t\t\t\t<\/div>\n\t\t\t\t\t<\/div>\n\t\t\t\t<\/div>\n\t\t\t\t<\/div>","protected":false},"excerpt":{"rendered":"<p>La misi\u00f3n diaria de ECRINAL\u00ae es ayudar a todos a disfrutar de u\u00f1as hermosas y bien cuidadas, y de un cabello fuerte. La combinaci\u00f3n de ingredientes naturales altamente efectivos y el respeto por la fisiolog\u00eda del cabello y las u\u00f1as resulta en f\u00f3rmulas no irritantes.<\/p>","protected":false},"author":1,"featured_media":0,"parent":0,"menu_order":0,"comment_status":"closed","ping_status":"closed","template":"","meta":{"footnotes":""},"class_list":["post-164","page","type-page","status-publish","hentry"],"yoast_head":"<!-- This site is optimized with the Yoast SEO plugin v26.6 - https:\/\/yoast.com\/wordpress\/plugins\/seo\/ -->\n<title>ECRINAL - Easy Footcare<\/title>\n<meta name=\"robots\" content=\"index, follow, max-snippet:-1, max-image-preview:large, max-video-preview:-1\" \/>\n<link rel=\"canonical\" href=\"https:\/\/easy-footcare.com\/fr\/ecrinal\/\" \/>\n<meta property=\"og:locale\" content=\"fr_FR\" \/>\n<meta property=\"og:type\" content=\"article\" \/>\n<meta property=\"og:title\" content=\"ECRINAL - Easy Footcare\" \/>\n<meta property=\"og:description\" content=\"La misi\u00f3n diaria de ECRINAL\u00ae es ayudar a todos a disfrutar de u\u00f1as hermosas y bien cuidadas, y de un cabello fuerte. La combinaci\u00f3n de ingredientes naturales altamente efectivos y el respeto por la fisiolog\u00eda del cabello y las u\u00f1as resulta en f\u00f3rmulas no irritantes.\" \/>\n<meta property=\"og:url\" content=\"https:\/\/easy-footcare.com\/fr\/ecrinal\/\" \/>\n<meta property=\"og:site_name\" content=\"Easy Footcare\" \/>\n<meta property=\"article:modified_time\" content=\"2024-05-22T20:36:47+00:00\" \/>\n<meta property=\"og:image\" content=\"http:\/\/easy-footcare.com\/wp-content\/uploads\/2024\/05\/u33-300x114.png\" \/>\n<meta name=\"twitter:card\" content=\"summary_large_image\" \/>\n<script type=\"application\/ld+json\" class=\"yoast-schema-graph\">{\"@context\":\"https:\/\/schema.org\",\"@graph\":[{\"@type\":\"WebPage\",\"@id\":\"https:\/\/easy-footcare.com\/ecrinal\/\",\"url\":\"https:\/\/easy-footcare.com\/ecrinal\/\",\"name\":\"ECRINAL - Easy Footcare\",\"isPartOf\":{\"@id\":\"https:\/\/easy-footcare.com\/#website\"},\"primaryImageOfPage\":{\"@id\":\"https:\/\/easy-footcare.com\/ecrinal\/#primaryimage\"},\"image\":{\"@id\":\"https:\/\/easy-footcare.com\/ecrinal\/#primaryimage\"},\"thumbnailUrl\":\"http:\/\/easy-footcare.com\/wp-content\/uploads\/2024\/05\/u33-300x114.png\",\"datePublished\":\"2024-05-16T18:58:29+00:00\",\"dateModified\":\"2024-05-22T20:36:47+00:00\",\"breadcrumb\":{\"@id\":\"https:\/\/easy-footcare.com\/ecrinal\/#breadcrumb\"},\"inLanguage\":\"fr-FR\",\"potentialAction\":[{\"@type\":\"ReadAction\",\"target\":[\"https:\/\/easy-footcare.com\/ecrinal\/\"]}]},{\"@type\":\"ImageObject\",\"inLanguage\":\"fr-FR\",\"@id\":\"https:\/\/easy-footcare.com\/ecrinal\/#primaryimage\",\"url\":\"http:\/\/easy-footcare.com\/wp-content\/uploads\/2024\/05\/u33-300x114.png\",\"contentUrl\":\"http:\/\/easy-footcare.com\/wp-content\/uploads\/2024\/05\/u33-300x114.png\"},{\"@type\":\"BreadcrumbList\",\"@id\":\"https:\/\/easy-footcare.com\/ecrinal\/#breadcrumb\",\"itemListElement\":[{\"@type\":\"ListItem\",\"position\":1,\"name\":\"Portada\",\"item\":\"https:\/\/easy-footcare.com\/\"},{\"@type\":\"ListItem\",\"position\":2,\"name\":\"ECRINAL\"}]},{\"@type\":\"WebSite\",\"@id\":\"https:\/\/easy-footcare.com\/#website\",\"url\":\"https:\/\/easy-footcare.com\/\",\"name\":\"Easy Footcare\",\"description\":\"\",\"publisher\":{\"@id\":\"https:\/\/easy-footcare.com\/#organization\"},\"potentialAction\":[{\"@type\":\"SearchAction\",\"target\":{\"@type\":\"EntryPoint\",\"urlTemplate\":\"https:\/\/easy-footcare.com\/?s={search_term_string}\"},\"query-input\":{\"@type\":\"PropertyValueSpecification\",\"valueRequired\":true,\"valueName\":\"search_term_string\"}}],\"inLanguage\":\"fr-FR\"},{\"@type\":\"Organization\",\"@id\":\"https:\/\/easy-footcare.com\/#organization\",\"name\":\"Easy Footcare\",\"url\":\"https:\/\/easy-footcare.com\/\",\"logo\":{\"@type\":\"ImageObject\",\"inLanguage\":\"fr-FR\",\"@id\":\"https:\/\/easy-footcare.com\/#\/schema\/logo\/image\/\",\"url\":\"https:\/\/easy-footcare.com\/wp-content\/uploads\/2024\/05\/logo-footcare.png\",\"contentUrl\":\"https:\/\/easy-footcare.com\/wp-content\/uploads\/2024\/05\/logo-footcare.png\",\"width\":1192,\"height\":652,\"caption\":\"Easy Footcare\"},\"image\":{\"@id\":\"https:\/\/easy-footcare.com\/#\/schema\/logo\/image\/\"}}]}<\/script>\n<!-- \/ Yoast SEO plugin. -->","yoast_head_json":{"title":"ECRINAL - Easy Footcare","robots":{"index":"index","follow":"follow","max-snippet":"max-snippet:-1","max-image-preview":"max-image-preview:large","max-video-preview":"max-video-preview:-1"},"canonical":"https:\/\/easy-footcare.com\/fr\/ecrinal\/","og_locale":"fr_FR","og_type":"article","og_title":"ECRINAL - Easy Footcare","og_description":"La misi\u00f3n diaria de ECRINAL\u00ae es ayudar a todos a disfrutar de u\u00f1as hermosas y bien cuidadas, y de un cabello fuerte. La combinaci\u00f3n de ingredientes naturales altamente efectivos y el respeto por la fisiolog\u00eda del cabello y las u\u00f1as resulta en f\u00f3rmulas no irritantes.","og_url":"https:\/\/easy-footcare.com\/fr\/ecrinal\/","og_site_name":"Easy Footcare","article_modified_time":"2024-05-22T20:36:47+00:00","og_image":[{"url":"http:\/\/easy-footcare.com\/wp-content\/uploads\/2024\/05\/u33-300x114.png","type":"","width":"","height":""}],"twitter_card":"summary_large_image","schema":{"@context":"https:\/\/schema.org","@graph":[{"@type":"WebPage","@id":"https:\/\/easy-footcare.com\/ecrinal\/","url":"https:\/\/easy-footcare.com\/ecrinal\/","name":"ECRINAL - Easy Footcare","isPartOf":{"@id":"https:\/\/easy-footcare.com\/#website"},"primaryImageOfPage":{"@id":"https:\/\/easy-footcare.com\/ecrinal\/#primaryimage"},"image":{"@id":"https:\/\/easy-footcare.com\/ecrinal\/#primaryimage"},"thumbnailUrl":"http:\/\/easy-footcare.com\/wp-content\/uploads\/2024\/05\/u33-300x114.png","datePublished":"2024-05-16T18:58:29+00:00","dateModified":"2024-05-22T20:36:47+00:00","breadcrumb":{"@id":"https:\/\/easy-footcare.com\/ecrinal\/#breadcrumb"},"inLanguage":"fr-FR","potentialAction":[{"@type":"ReadAction","target":["https:\/\/easy-footcare.com\/ecrinal\/"]}]},{"@type":"ImageObject","inLanguage":"fr-FR","@id":"https:\/\/easy-footcare.com\/ecrinal\/#primaryimage","url":"http:\/\/easy-footcare.com\/wp-content\/uploads\/2024\/05\/u33-300x114.png","contentUrl":"http:\/\/easy-footcare.com\/wp-content\/uploads\/2024\/05\/u33-300x114.png"},{"@type":"BreadcrumbList","@id":"https:\/\/easy-footcare.com\/ecrinal\/#breadcrumb","itemListElement":[{"@type":"ListItem","position":1,"name":"Portada","item":"https:\/\/easy-footcare.com\/"},{"@type":"ListItem","position":2,"name":"ECRINAL"}]},{"@type":"WebSite","@id":"https:\/\/easy-footcare.com\/#website","url":"https:\/\/easy-footcare.com\/","name":"Easy Footcare","description":"","publisher":{"@id":"https:\/\/easy-footcare.com\/#organization"},"potentialAction":[{"@type":"SearchAction","target":{"@type":"EntryPoint","urlTemplate":"https:\/\/easy-footcare.com\/?s={search_term_string}"},"query-input":{"@type":"PropertyValueSpecification","valueRequired":true,"valueName":"search_term_string"}}],"inLanguage":"fr-FR"},{"@type":"Organization","@id":"https:\/\/easy-footcare.com\/#organization","name":"Easy Footcare","url":"https:\/\/easy-footcare.com\/","logo":{"@type":"ImageObject","inLanguage":"fr-FR","@id":"https:\/\/easy-footcare.com\/#\/schema\/logo\/image\/","url":"https:\/\/easy-footcare.com\/wp-content\/uploads\/2024\/05\/logo-footcare.png","contentUrl":"https:\/\/easy-footcare.com\/wp-content\/uploads\/2024\/05\/logo-footcare.png","width":1192,"height":652,"caption":"Easy Footcare"},"image":{"@id":"https:\/\/easy-footcare.com\/#\/schema\/logo\/image\/"}}]}},"_links":{"self":[{"href":"https:\/\/easy-footcare.com\/fr\/wp-json\/wp\/v2\/pages\/164","targetHints":{"allow":["GET"]}}],"collection":[{"href":"https:\/\/easy-footcare.com\/fr\/wp-json\/wp\/v2\/pages"}],"about":[{"href":"https:\/\/easy-footcare.com\/fr\/wp-json\/wp\/v2\/types\/page"}],"author":[{"embeddable":true,"href":"https:\/\/easy-footcare.com\/fr\/wp-json\/wp\/v2\/users\/1"}],"replies":[{"embeddable":true,"href":"https:\/\/easy-footcare.com\/fr\/wp-json\/wp\/v2\/comments?post=164"}],"version-history":[{"count":7,"href":"https:\/\/easy-footcare.com\/fr\/wp-json\/wp\/v2\/pages\/164\/revisions"}],"predecessor-version":[{"id":340,"href":"https:\/\/easy-footcare.com\/fr\/wp-json\/wp\/v2\/pages\/164\/revisions\/340"}],"wp:attachment":[{"href":"https:\/\/easy-footcare.com\/fr\/wp-json\/wp\/v2\/media?parent=164"}],"curies":[{"name":"wp","href":"https:\/\/api.w.org\/{rel}","templated":true}]}}