{"id":172,"date":"2024-05-16T13:59:17","date_gmt":"2024-05-16T18:59:17","guid":{"rendered":"https:\/\/easy-footcare.com\/?page_id=172"},"modified":"2024-05-22T15:41:32","modified_gmt":"2024-05-22T20:41:32","slug":"foot-petals","status":"publish","type":"page","link":"https:\/\/easy-footcare.com\/fr\/foot-petals\/","title":{"rendered":"Foot Petals"},"content":{"rendered":"<div data-elementor-type=\"wp-page\" data-elementor-id=\"172\" class=\"elementor elementor-172\" data-elementor-post-type=\"page\">\n\t\t\t\t<div class=\"elementor-element elementor-element-ee667e9 e-flex e-con-boxed e-con e-parent\" data-id=\"ee667e9\" data-element_type=\"container\">\n\t\t\t\t\t<div class=\"e-con-inner\">\n\t\t\t\t<div class=\"elementor-element elementor-element-529a80d elementor-widget elementor-widget-image\" data-id=\"529a80d\" data-element_type=\"widget\" data-widget_type=\"image.default\">\n\t\t\t\t<div class=\"elementor-widget-container\">\n\t\t\t<style>\/*! elementor - v3.21.0 - 08-05-2024 *\/\n.elementor-widget-image{text-align:center}.elementor-widget-image a{display:inline-block}.elementor-widget-image a img[src$=\".svg\"]{width:48px}.elementor-widget-image img{vertical-align:middle;display:inline-block}<\/style>\t\t\t\t\t\t\t\t\t\t\t<a href=\"https:\/\/www.footpetals.eu\/\" target=\"_blank\">\n\t\t\t\t\t\t\t<img decoding=\"async\" width=\"300\" height=\"111\" src=\"https:\/\/easy-footcare.com\/wp-content\/uploads\/2024\/05\/93bf3817030d47037bf560841e790476.w3546.h1313-300x111.png\" class=\"attachment-medium size-medium wp-image-30\" alt=\"\" srcset=\"https:\/\/easy-footcare.com\/wp-content\/uploads\/2024\/05\/93bf3817030d47037bf560841e790476.w3546.h1313-300x111.png 300w, https:\/\/easy-footcare.com\/wp-content\/uploads\/2024\/05\/93bf3817030d47037bf560841e790476.w3546.h1313-1024x379.png 1024w, https:\/\/easy-footcare.com\/wp-content\/uploads\/2024\/05\/93bf3817030d47037bf560841e790476.w3546.h1313-768x284.png 768w, https:\/\/easy-footcare.com\/wp-content\/uploads\/2024\/05\/93bf3817030d47037bf560841e790476.w3546.h1313-1536x569.png 1536w, https:\/\/easy-footcare.com\/wp-content\/uploads\/2024\/05\/93bf3817030d47037bf560841e790476.w3546.h1313-2048x758.png 2048w\" sizes=\"(max-width: 300px) 100vw, 300px\" \/>\t\t\t\t\t\t\t\t<\/a>\n\t\t\t\t\t\t\t\t\t\t\t\t\t<\/div>\n\t\t\t\t<\/div>\n\t\t\t\t<div class=\"elementor-element elementor-element-95e1b85 elementor-widget elementor-widget-heading\" data-id=\"95e1b85\" data-element_type=\"widget\" data-widget_type=\"heading.default\">\n\t\t\t\t<div class=\"elementor-widget-container\">\n\t\t\t<style>\/*! elementor - v3.21.0 - 08-05-2024 *\/\n.elementor-heading-title{padding:0;margin:0;line-height:1}.elementor-widget-heading .elementor-heading-title[class*=elementor-size-]>a{color:inherit;font-size:inherit;line-height:inherit}.elementor-widget-heading .elementor-heading-title.elementor-size-small{font-size:15px}.elementor-widget-heading .elementor-heading-title.elementor-size-medium{font-size:19px}.elementor-widget-heading .elementor-heading-title.elementor-size-large{font-size:29px}.elementor-widget-heading .elementor-heading-title.elementor-size-xl{font-size:39px}.elementor-widget-heading .elementor-heading-title.elementor-size-xxl{font-size:59px}<\/style><p class=\"elementor-heading-title elementor-size-default\">Marque am\u00e9ricaine connue dans le monde entier, Foot Petals est c\u00e9l\u00e8bre pour ses semelles qui s'adaptent \u00e0 tous types de chaussures : semelles pour talons hauts, chaussures de sport, voire m\u00eame pour tongs. La couleur de la ligne de soin des pieds, ainsi que les innovations techniques constantes, font des semelles Foot Petals un succ\u00e8s de vente.<\/p>\t\t<\/div>\n\t\t\t\t<\/div>\n\t\t\t\t\t<\/div>\n\t\t\t\t<\/div>\n\t\t<div class=\"elementor-element elementor-element-be765b5 e-flex e-con-boxed e-con e-parent\" data-id=\"be765b5\" data-element_type=\"container\">\n\t\t\t\t\t<div class=\"e-con-inner\">\n\t\t<div class=\"elementor-element elementor-element-a9ff0f2 e-flex e-con-boxed e-con e-child\" data-id=\"a9ff0f2\" data-element_type=\"container\" data-settings=\"{&quot;background_background&quot;:&quot;classic&quot;}\">\n\t\t\t\t\t<div class=\"e-con-inner\">\n\t\t\t\t<div class=\"elementor-element elementor-element-a8b8b97 elementor-widget elementor-widget-image\" data-id=\"a8b8b97\" data-element_type=\"widget\" data-widget_type=\"image.default\">\n\t\t\t\t<div class=\"elementor-widget-container\">\n\t\t\t\t\t\t\t\t\t\t\t\t\t\t<a href=\"https:\/\/www.footpetals.eu\/pressure-pointz-negro-c2x23442675\" target=\"_blank\">\n\t\t\t\t\t\t\t<img fetchpriority=\"high\" decoding=\"async\" width=\"169\" height=\"300\" src=\"https:\/\/easy-footcare.com\/wp-content\/uploads\/2024\/05\/u34-3-169x300.png\" class=\"attachment-medium size-medium wp-image-174\" alt=\"\" srcset=\"https:\/\/easy-footcare.com\/wp-content\/uploads\/2024\/05\/u34-3-169x300.png 169w, https:\/\/easy-footcare.com\/wp-content\/uploads\/2024\/05\/u34-3.png 345w\" sizes=\"(max-width: 169px) 100vw, 169px\" \/>\t\t\t\t\t\t\t\t<\/a>\n\t\t\t\t\t\t\t\t\t\t\t\t\t<\/div>\n\t\t\t\t<\/div>\n\t\t\t\t\t<\/div>\n\t\t\t\t<\/div>\n\t\t<div class=\"elementor-element elementor-element-6f1d0cd e-flex e-con-boxed e-con e-child\" data-id=\"6f1d0cd\" data-element_type=\"container\" data-settings=\"{&quot;background_background&quot;:&quot;classic&quot;}\">\n\t\t\t\t\t<div class=\"e-con-inner\">\n\t\t\t\t<div class=\"elementor-element elementor-element-312d31e elementor-widget elementor-widget-image\" data-id=\"312d31e\" data-element_type=\"widget\" data-widget_type=\"image.default\">\n\t\t\t\t<div class=\"elementor-widget-container\">\n\t\t\t\t\t\t\t\t\t\t\t\t\t\t<a href=\"https:\/\/www.footpetals.eu\/tip-toes-carne-c2x23873556\" target=\"_blank\">\n\t\t\t\t\t\t\t<img decoding=\"async\" width=\"170\" height=\"300\" src=\"https:\/\/easy-footcare.com\/wp-content\/uploads\/2024\/05\/u36-2-170x300.png\" class=\"attachment-medium size-medium wp-image-175\" alt=\"\" srcset=\"https:\/\/easy-footcare.com\/wp-content\/uploads\/2024\/05\/u36-2-170x300.png 170w, https:\/\/easy-footcare.com\/wp-content\/uploads\/2024\/05\/u36-2.png 341w\" sizes=\"(max-width: 170px) 100vw, 170px\" \/>\t\t\t\t\t\t\t\t<\/a>\n\t\t\t\t\t\t\t\t\t\t\t\t\t<\/div>\n\t\t\t\t<\/div>\n\t\t\t\t\t<\/div>\n\t\t\t\t<\/div>\n\t\t<div class=\"elementor-element elementor-element-281b20e e-flex e-con-boxed e-con e-child\" data-id=\"281b20e\" data-element_type=\"container\" data-settings=\"{&quot;background_background&quot;:&quot;classic&quot;}\">\n\t\t\t\t\t<div class=\"e-con-inner\">\n\t\t\t\t<div class=\"elementor-element elementor-element-718c08d elementor-widget elementor-widget-image\" data-id=\"718c08d\" data-element_type=\"widget\" data-widget_type=\"image.default\">\n\t\t\t\t<div class=\"elementor-widget-container\">\n\t\t\t\t\t\t\t\t\t\t\t\t\t\t<a href=\"https:\/\/www.footpetals.eu\/heavenly-heelz-negro-c2x23094647\" target=\"_blank\">\n\t\t\t\t\t\t\t<img loading=\"lazy\" decoding=\"async\" width=\"168\" height=\"300\" src=\"https:\/\/easy-footcare.com\/wp-content\/uploads\/2024\/05\/u35567-168x300.png\" class=\"attachment-medium size-medium wp-image-176\" alt=\"\" srcset=\"https:\/\/easy-footcare.com\/wp-content\/uploads\/2024\/05\/u35567-168x300.png 168w, https:\/\/easy-footcare.com\/wp-content\/uploads\/2024\/05\/u35567.png 336w\" sizes=\"(max-width: 168px) 100vw, 168px\" \/>\t\t\t\t\t\t\t\t<\/a>\n\t\t\t\t\t\t\t\t\t\t\t\t\t<\/div>\n\t\t\t\t<\/div>\n\t\t\t\t\t<\/div>\n\t\t\t\t<\/div>\n\t\t\t\t\t<\/div>\n\t\t\t\t<\/div>\n\t\t\t\t<\/div>","protected":false},"excerpt":{"rendered":"<p>Marca estadounidense conocida en todo el mundo, Foot Petals es famosa por sus plantillas que se ajustan a todo tipo de calzado: plantillas para zapatos de tac\u00f3n alto, zapatos deportivos, incluso plantillas para chanclas. El color de la l\u00ednea de cuidado de los pies, as\u00ed c\u00f3mo las innovaciones t\u00e9cnicas constantes, hacen de las plantillas para [&hellip;]<\/p>","protected":false},"author":1,"featured_media":0,"parent":0,"menu_order":0,"comment_status":"closed","ping_status":"closed","template":"","meta":{"footnotes":""},"class_list":["post-172","page","type-page","status-publish","hentry"],"yoast_head":"<!-- This site is optimized with the Yoast SEO plugin v26.6 - https:\/\/yoast.com\/wordpress\/plugins\/seo\/ -->\n<title>Foot Petals - Easy Footcare<\/title>\n<meta name=\"robots\" content=\"index, follow, max-snippet:-1, max-image-preview:large, max-video-preview:-1\" \/>\n<link rel=\"canonical\" href=\"https:\/\/easy-footcare.com\/fr\/foot-petals\/\" \/>\n<meta property=\"og:locale\" content=\"fr_FR\" \/>\n<meta property=\"og:type\" content=\"article\" \/>\n<meta property=\"og:title\" content=\"Foot Petals - Easy Footcare\" \/>\n<meta property=\"og:description\" content=\"Marca estadounidense conocida en todo el mundo, Foot Petals es famosa por sus plantillas que se ajustan a todo tipo de calzado: plantillas para zapatos de tac\u00f3n alto, zapatos deportivos, incluso plantillas para chanclas. El color de la l\u00ednea de cuidado de los pies, as\u00ed c\u00f3mo las innovaciones t\u00e9cnicas constantes, hacen de las plantillas para [&hellip;]\" \/>\n<meta property=\"og:url\" content=\"https:\/\/easy-footcare.com\/fr\/foot-petals\/\" \/>\n<meta property=\"og:site_name\" content=\"Easy Footcare\" \/>\n<meta property=\"article:modified_time\" content=\"2024-05-22T20:41:32+00:00\" \/>\n<meta property=\"og:image\" content=\"http:\/\/easy-footcare.com\/wp-content\/uploads\/2024\/05\/93bf3817030d47037bf560841e790476.w3546.h1313-300x111.png\" \/>\n<meta name=\"twitter:card\" content=\"summary_large_image\" \/>\n<script type=\"application\/ld+json\" class=\"yoast-schema-graph\">{\"@context\":\"https:\/\/schema.org\",\"@graph\":[{\"@type\":\"WebPage\",\"@id\":\"https:\/\/easy-footcare.com\/foot-petals\/\",\"url\":\"https:\/\/easy-footcare.com\/foot-petals\/\",\"name\":\"Foot Petals - Easy Footcare\",\"isPartOf\":{\"@id\":\"https:\/\/easy-footcare.com\/#website\"},\"primaryImageOfPage\":{\"@id\":\"https:\/\/easy-footcare.com\/foot-petals\/#primaryimage\"},\"image\":{\"@id\":\"https:\/\/easy-footcare.com\/foot-petals\/#primaryimage\"},\"thumbnailUrl\":\"http:\/\/easy-footcare.com\/wp-content\/uploads\/2024\/05\/93bf3817030d47037bf560841e790476.w3546.h1313-300x111.png\",\"datePublished\":\"2024-05-16T18:59:17+00:00\",\"dateModified\":\"2024-05-22T20:41:32+00:00\",\"breadcrumb\":{\"@id\":\"https:\/\/easy-footcare.com\/foot-petals\/#breadcrumb\"},\"inLanguage\":\"fr-FR\",\"potentialAction\":[{\"@type\":\"ReadAction\",\"target\":[\"https:\/\/easy-footcare.com\/foot-petals\/\"]}]},{\"@type\":\"ImageObject\",\"inLanguage\":\"fr-FR\",\"@id\":\"https:\/\/easy-footcare.com\/foot-petals\/#primaryimage\",\"url\":\"http:\/\/easy-footcare.com\/wp-content\/uploads\/2024\/05\/93bf3817030d47037bf560841e790476.w3546.h1313-300x111.png\",\"contentUrl\":\"http:\/\/easy-footcare.com\/wp-content\/uploads\/2024\/05\/93bf3817030d47037bf560841e790476.w3546.h1313-300x111.png\"},{\"@type\":\"BreadcrumbList\",\"@id\":\"https:\/\/easy-footcare.com\/foot-petals\/#breadcrumb\",\"itemListElement\":[{\"@type\":\"ListItem\",\"position\":1,\"name\":\"Portada\",\"item\":\"https:\/\/easy-footcare.com\/\"},{\"@type\":\"ListItem\",\"position\":2,\"name\":\"Foot Petals\"}]},{\"@type\":\"WebSite\",\"@id\":\"https:\/\/easy-footcare.com\/#website\",\"url\":\"https:\/\/easy-footcare.com\/\",\"name\":\"Easy Footcare\",\"description\":\"\",\"publisher\":{\"@id\":\"https:\/\/easy-footcare.com\/#organization\"},\"potentialAction\":[{\"@type\":\"SearchAction\",\"target\":{\"@type\":\"EntryPoint\",\"urlTemplate\":\"https:\/\/easy-footcare.com\/?s={search_term_string}\"},\"query-input\":{\"@type\":\"PropertyValueSpecification\",\"valueRequired\":true,\"valueName\":\"search_term_string\"}}],\"inLanguage\":\"fr-FR\"},{\"@type\":\"Organization\",\"@id\":\"https:\/\/easy-footcare.com\/#organization\",\"name\":\"Easy Footcare\",\"url\":\"https:\/\/easy-footcare.com\/\",\"logo\":{\"@type\":\"ImageObject\",\"inLanguage\":\"fr-FR\",\"@id\":\"https:\/\/easy-footcare.com\/#\/schema\/logo\/image\/\",\"url\":\"https:\/\/easy-footcare.com\/wp-content\/uploads\/2024\/05\/logo-footcare.png\",\"contentUrl\":\"https:\/\/easy-footcare.com\/wp-content\/uploads\/2024\/05\/logo-footcare.png\",\"width\":1192,\"height\":652,\"caption\":\"Easy Footcare\"},\"image\":{\"@id\":\"https:\/\/easy-footcare.com\/#\/schema\/logo\/image\/\"}}]}<\/script>\n<!-- \/ Yoast SEO plugin. -->","yoast_head_json":{"title":"Foot Petals - Easy Footcare","robots":{"index":"index","follow":"follow","max-snippet":"max-snippet:-1","max-image-preview":"max-image-preview:large","max-video-preview":"max-video-preview:-1"},"canonical":"https:\/\/easy-footcare.com\/fr\/foot-petals\/","og_locale":"fr_FR","og_type":"article","og_title":"Foot Petals - Easy Footcare","og_description":"Marca estadounidense conocida en todo el mundo, Foot Petals es famosa por sus plantillas que se ajustan a todo tipo de calzado: plantillas para zapatos de tac\u00f3n alto, zapatos deportivos, incluso plantillas para chanclas. El color de la l\u00ednea de cuidado de los pies, as\u00ed c\u00f3mo las innovaciones t\u00e9cnicas constantes, hacen de las plantillas para [&hellip;]","og_url":"https:\/\/easy-footcare.com\/fr\/foot-petals\/","og_site_name":"Easy Footcare","article_modified_time":"2024-05-22T20:41:32+00:00","og_image":[{"url":"http:\/\/easy-footcare.com\/wp-content\/uploads\/2024\/05\/93bf3817030d47037bf560841e790476.w3546.h1313-300x111.png","type":"","width":"","height":""}],"twitter_card":"summary_large_image","schema":{"@context":"https:\/\/schema.org","@graph":[{"@type":"WebPage","@id":"https:\/\/easy-footcare.com\/foot-petals\/","url":"https:\/\/easy-footcare.com\/foot-petals\/","name":"Foot Petals - Easy Footcare","isPartOf":{"@id":"https:\/\/easy-footcare.com\/#website"},"primaryImageOfPage":{"@id":"https:\/\/easy-footcare.com\/foot-petals\/#primaryimage"},"image":{"@id":"https:\/\/easy-footcare.com\/foot-petals\/#primaryimage"},"thumbnailUrl":"http:\/\/easy-footcare.com\/wp-content\/uploads\/2024\/05\/93bf3817030d47037bf560841e790476.w3546.h1313-300x111.png","datePublished":"2024-05-16T18:59:17+00:00","dateModified":"2024-05-22T20:41:32+00:00","breadcrumb":{"@id":"https:\/\/easy-footcare.com\/foot-petals\/#breadcrumb"},"inLanguage":"fr-FR","potentialAction":[{"@type":"ReadAction","target":["https:\/\/easy-footcare.com\/foot-petals\/"]}]},{"@type":"ImageObject","inLanguage":"fr-FR","@id":"https:\/\/easy-footcare.com\/foot-petals\/#primaryimage","url":"http:\/\/easy-footcare.com\/wp-content\/uploads\/2024\/05\/93bf3817030d47037bf560841e790476.w3546.h1313-300x111.png","contentUrl":"http:\/\/easy-footcare.com\/wp-content\/uploads\/2024\/05\/93bf3817030d47037bf560841e790476.w3546.h1313-300x111.png"},{"@type":"BreadcrumbList","@id":"https:\/\/easy-footcare.com\/foot-petals\/#breadcrumb","itemListElement":[{"@type":"ListItem","position":1,"name":"Portada","item":"https:\/\/easy-footcare.com\/"},{"@type":"ListItem","position":2,"name":"Foot Petals"}]},{"@type":"WebSite","@id":"https:\/\/easy-footcare.com\/#website","url":"https:\/\/easy-footcare.com\/","name":"Easy Footcare","description":"","publisher":{"@id":"https:\/\/easy-footcare.com\/#organization"},"potentialAction":[{"@type":"SearchAction","target":{"@type":"EntryPoint","urlTemplate":"https:\/\/easy-footcare.com\/?s={search_term_string}"},"query-input":{"@type":"PropertyValueSpecification","valueRequired":true,"valueName":"search_term_string"}}],"inLanguage":"fr-FR"},{"@type":"Organization","@id":"https:\/\/easy-footcare.com\/#organization","name":"Easy Footcare","url":"https:\/\/easy-footcare.com\/","logo":{"@type":"ImageObject","inLanguage":"fr-FR","@id":"https:\/\/easy-footcare.com\/#\/schema\/logo\/image\/","url":"https:\/\/easy-footcare.com\/wp-content\/uploads\/2024\/05\/logo-footcare.png","contentUrl":"https:\/\/easy-footcare.com\/wp-content\/uploads\/2024\/05\/logo-footcare.png","width":1192,"height":652,"caption":"Easy Footcare"},"image":{"@id":"https:\/\/easy-footcare.com\/#\/schema\/logo\/image\/"}}]}},"_links":{"self":[{"href":"https:\/\/easy-footcare.com\/fr\/wp-json\/wp\/v2\/pages\/172","targetHints":{"allow":["GET"]}}],"collection":[{"href":"https:\/\/easy-footcare.com\/fr\/wp-json\/wp\/v2\/pages"}],"about":[{"href":"https:\/\/easy-footcare.com\/fr\/wp-json\/wp\/v2\/types\/page"}],"author":[{"embeddable":true,"href":"https:\/\/easy-footcare.com\/fr\/wp-json\/wp\/v2\/users\/1"}],"replies":[{"embeddable":true,"href":"https:\/\/easy-footcare.com\/fr\/wp-json\/wp\/v2\/comments?post=172"}],"version-history":[{"count":7,"href":"https:\/\/easy-footcare.com\/fr\/wp-json\/wp\/v2\/pages\/172\/revisions"}],"predecessor-version":[{"id":343,"href":"https:\/\/easy-footcare.com\/fr\/wp-json\/wp\/v2\/pages\/172\/revisions\/343"}],"wp:attachment":[{"href":"https:\/\/easy-footcare.com\/fr\/wp-json\/wp\/v2\/media?parent=172"}],"curies":[{"name":"wp","href":"https:\/\/api.w.org\/{rel}","templated":true}]}}